{"id":94,"date":"2017-10-29T17:39:08","date_gmt":"2017-10-29T16:39:08","guid":{"rendered":"http:\/\/ahorn-schule.de\/wp\/?page_id=94"},"modified":"2025-02-02T13:59:29","modified_gmt":"2025-02-02T12:59:29","slug":"offener-ganztagsbetrieb-ogb","status":"publish","type":"page","link":"https:\/\/ahorn-schule.de\/?page_id=94","title":{"rendered":"eF\u00f6B \/ Hort"},"content":{"rendered":"<div  class='avia-slideshow av-516am-018bb9a94f675c7eba7f7d0837511c07 avia-slideshow-magazine av_slideshow avia-slide-slider  avia-builder-el-0  el_before_av_textblock  avia-builder-el-first  av-small-hide av-slideshow-ui av-control-default av-slideshow-autoplay av-loop-endless av-loop-manual-endless av-default-height-applied avia-slideshow-1' data-slideshow-options=\"{&quot;animation&quot;:&quot;slide&quot;,&quot;autoplay&quot;:true,&quot;loop_autoplay&quot;:&quot;endless&quot;,&quot;interval&quot;:3,&quot;loop_manual&quot;:&quot;manual-endless&quot;,&quot;autoplay_stopper&quot;:false,&quot;noNavigation&quot;:false,&quot;bg_slider&quot;:false,&quot;keep_padding&quot;:false,&quot;hoverpause&quot;:false,&quot;show_slide_delay&quot;:0}\"  itemprop=\"image\" itemscope=\"itemscope\" itemtype=\"https:\/\/schema.org\/ImageObject\" ><ul class='avia-slideshow-inner ' style='padding-bottom: 52.8169014085%;'><li  class='avia-slideshow-slide av-516am-018bb9a94f675c7eba7f7d0837511c07__0  slide-1 slide-odd'><div data-rel='slideshow-1' class='avia-slide-wrap '   ><img decoding=\"async\" fetchpriority=\"high\" class=\"wp-image-373 avia-img-lazy-loading-not-373\"  src=\"https:\/\/ahorn-schule.de\/wp-content\/uploads\/2017\/11\/herbstpause6-710x375.jpg\" width=\"710\" height=\"375\" title='Meine Schule' alt=''  itemprop=\"thumbnailUrl\"   \/><\/div><\/li><li  class='avia-slideshow-slide av-516am-018bb9a94f675c7eba7f7d0837511c07__1  slide-2 slide-even'><div data-rel='slideshow-1' class='avia-slide-wrap '   ><img decoding=\"async\" fetchpriority=\"high\" class=\"wp-image-371 avia-img-lazy-loading-not-371\"  src=\"https:\/\/ahorn-schule.de\/wp-content\/uploads\/2017\/11\/herbstpause4-710x375.jpg\" width=\"710\" height=\"375\" title='Meine Schule' alt=''  itemprop=\"thumbnailUrl\"   \/><\/div><\/li><li  class='avia-slideshow-slide av-516am-018bb9a94f675c7eba7f7d0837511c07__2  slide-3 slide-odd'><div data-rel='slideshow-1' class='avia-slide-wrap '   ><img decoding=\"async\" fetchpriority=\"high\" class=\"wp-image-420 avia-img-lazy-loading-not-420\"  src=\"https:\/\/ahorn-schule.de\/wp-content\/uploads\/2017\/11\/halle4bea-710x375.jpg\" width=\"710\" height=\"375\" title='halle' alt=''  itemprop=\"thumbnailUrl\"   \/><\/div><\/li><li  class='avia-slideshow-slide av-516am-018bb9a94f675c7eba7f7d0837511c07__3  slide-4 slide-even'><div data-rel='slideshow-1' class='avia-slide-wrap '   ><img decoding=\"async\" fetchpriority=\"high\" class=\"wp-image-374 avia-img-lazy-loading-not-374\"  src=\"https:\/\/ahorn-schule.de\/wp-content\/uploads\/2017\/11\/kunstarbeit-710x375.jpg\" width=\"710\" height=\"375\" title='basteln' alt=''  itemprop=\"thumbnailUrl\"   \/><\/div><\/li><li  class='avia-slideshow-slide av-516am-018bb9a94f675c7eba7f7d0837511c07__4  slide-5 slide-odd'><div data-rel='slideshow-1' class='avia-slide-wrap '   ><img decoding=\"async\" fetchpriority=\"high\" class=\"wp-image-446 avia-img-lazy-loading-not-446\"  src=\"https:\/\/ahorn-schule.de\/wp-content\/uploads\/2017\/11\/CB0BC436-9849-4E89-B439-D9B3218F3570-710x375.jpeg\" width=\"710\" height=\"375\" title='lesen' alt=''  itemprop=\"thumbnailUrl\"   \/><\/div><\/li><\/ul><div class='avia-slideshow-arrows avia-slideshow-controls' ><a href='#prev' class='prev-slide  avia-svg-icon avia-font-svg_entypo-fontello' data-av_svg_icon='left-open-big' data-av_iconset='svg_entypo-fontello' tabindex='-1' title=\"Zur\u00fcck\"><svg version=\"1.1\" xmlns=\"http:\/\/www.w3.org\/2000\/svg\" width=\"15\" height=\"32\" viewBox=\"0 0 15 32\" preserveAspectRatio=\"xMidYMid meet\" aria-labelledby='av-svg-title-1' aria-describedby='av-svg-desc-1' role=\"graphics-symbol\" aria-hidden=\"true\">\n<title id='av-svg-title-1'>Zur\u00fcck<\/title>\n<desc id='av-svg-desc-1'>Zur\u00fcck<\/desc>\n<path d=\"M14.464 27.84q0.832 0.832 0 1.536-0.832 0.832-1.536 0l-12.544-12.608q-0.768-0.768 0-1.6l12.544-12.608q0.704-0.832 1.536 0 0.832 0.704 0 1.536l-11.456 11.904z\"><\/path>\n<\/svg><span class='avia_hidden_link_text'>Zur\u00fcck<\/span><\/a><a href='#next' class='next-slide  avia-svg-icon avia-font-svg_entypo-fontello' data-av_svg_icon='right-open-big' data-av_iconset='svg_entypo-fontello' tabindex='-1' title=\"Weiter\"><svg version=\"1.1\" xmlns=\"http:\/\/www.w3.org\/2000\/svg\" width=\"15\" height=\"32\" viewBox=\"0 0 15 32\" preserveAspectRatio=\"xMidYMid meet\" aria-labelledby='av-svg-title-2' aria-describedby='av-svg-desc-2' role=\"graphics-symbol\" aria-hidden=\"true\">\n<title id='av-svg-title-2'>Weiter<\/title>\n<desc id='av-svg-desc-2'>Weiter<\/desc>\n<path d=\"M0.416 27.84l11.456-11.84-11.456-11.904q-0.832-0.832 0-1.536 0.832-0.832 1.536 0l12.544 12.608q0.768 0.832 0 1.6l-12.544 12.608q-0.704 0.832-1.536 0-0.832-0.704 0-1.536z\"><\/path>\n<\/svg><span class='avia_hidden_link_text'>Weiter<\/span><\/a><\/div><div class='avia-slideshow-dots avia-slideshow-controls'><a href='#1' class='goto-slide active' >1<\/a><a href='#2' class='goto-slide ' >2<\/a><a href='#3' class='goto-slide ' >3<\/a><a href='#4' class='goto-slide ' >4<\/a><a href='#5' class='goto-slide ' >5<\/a><\/div><\/div>\n<section  class='av_textblock_section av-1qnuy-23c680f95d354dcd9c74926ccd6c1599 '   itemscope=\"itemscope\" itemtype=\"https:\/\/schema.org\/CreativeWork\" ><div class='avia_textblock'  itemprop=\"text\" ><h3><span style=\"color: #008000;\"><em><span style=\"font-family: arial, helvetica, sans-serif; font-size: 18pt;\">Erg\u00e4nzende F\u00f6rderung und Betreuung (eF\u00f6B)<\/span><\/em><\/span><\/h3>\n<h3><span style=\"font-family: arial,helvetica,sans-serif; font-size: 18pt; color: #008000;\"><em>Hortbetreuung in der Ahornschule<\/em><\/span><\/h3>\n<p><span style=\"font-family: arial,helvetica,sans-serif;\">Wir bieten von 06.00 Uhr bis 18.00 Uhr eine umfangreiche p\u00e4dagogische Betreuung an.<\/span><br \/>\n<span style=\"font-family: arial,helvetica,sans-serif;\"> Grundlage daf\u00fcr ist ein Vertrag mit dem Jugendamt des Bezirkes Treptow\/ K\u00f6penick.<\/span><\/p>\n<p><span style=\"font-family: arial,helvetica,sans-serif;\">In der Ahorn-Schule werden die Kinder von ausgebildeten Erziehern in mehreren Gruppen betreut.<\/span><\/p>\n<p><span style=\"font-family: arial,helvetica,sans-serif;\">Den Schwerpunkt bei der p\u00e4dagogischen Mitarbeit der Erzieherinnen im Unterricht\u00a0 bildet die Schulanfangsphase (Klassenstufen 1 und 2).<\/span><br \/>\n<span style=\"font-family: arial,helvetica,sans-serif;\"> Die Erzieherinnen der Ahornschule begleiten die Klassen zum Schwimmunterricht, bei den Wander- und Projekttagen, bei Klassenfahrten und anderen au\u00dferschulischen\u00a0 Veranstaltungen.<\/span><\/p>\n<h5><span style=\"font-family: arial,helvetica,sans-serif;\"><em>Sport, Spiel und Spa\u00df im OGB<\/em><\/span><\/h5>\n<p><span style=\"font-family: arial,helvetica,sans-serif;\">\u2022\u00a0\u00a0\u00a0 Lesen\u00e4chte, Schwimmen und viele interessante Aktionen werden im Hort durchgef\u00fchrt<\/span><br \/>\n<span style=\"font-family: arial,helvetica,sans-serif;\"> \u2022\u00a0\u00a0\u00a0 F\u00fcr Sport, Spiel und Spa\u00df steht uns am Nachmittag\u00a0 die Turnhalle mehrmals w\u00f6chentlich zur\u00a0 Verf\u00fcgung.<\/span><br \/>\n<span style=\"font-family: arial, helvetica, sans-serif;\"> \u2022\u00a0\u00a0\u00a0 Au\u00dferhalb der Schule nutzen wir ab Unterrichtsschluss bis 16:00 Uhr, Bolzpl\u00e4tze, Spielpl\u00e4tze mit Kletterger\u00fcst, Rutsche, Wippe und viel Buddelsand.<\/span><br \/>\n<span style=\"font-family: arial,helvetica,sans-serif;\"> \u2022\u00a0\u00a0\u00a0 An warmen Tagen verbringen wir die Freizeit am M\u00fcggelsee und seinem Strandbad.<\/span><br \/>\n<span style=\"font-family: arial,helvetica,sans-serif;\"> \u2022\u00a0\u00a0\u00a0 Auf dem Schulhof k\u00f6nnen die Kinder Roller, Einrad, Fahrrad und GoKart fahren.<\/span><\/p>\n<p><span style=\"font-family: arial,helvetica,sans-serif;\"><em>In allen Schulferien und an unterrichtsfreien Tagen wird die Betreuung aller Sch\u00fclerinnen und Sch\u00fcler, die erg\u00e4nzende F\u00f6rderung und Betreuung auch in den Ferien in Anspruch nehmen, gew\u00e4hrleistet. Die<\/em><\/span><em> Betreuung findet in den wohnortnahen zust\u00e4ndigen Schulen statt.<\/em><\/p>\n<h3><\/h3>\n<h3><span style=\"font-size: 18pt; color: #008000; font-family: arial, helvetica, sans-serif;\">ANGEBOTE und AG`s im Schuljahr 2024\/2025<\/span><\/h3>\n<p><span style=\"font-size: 14pt; font-family: arial, helvetica, sans-serif;\">1\/2. Klasse &#8211; Saph<\/span><\/p>\n<ul style=\"list-style-type: square;\">\n<li><span style=\"font-family: arial, helvetica, sans-serif;\">Hundetherapie<\/span><\/li>\n<li><span style=\"font-family: arial, helvetica, sans-serif;\">Fu\u00dfball<\/span><\/li>\n<li><span style=\"font-family: arial, helvetica, sans-serif;\">Singen \/ Theater\/ Tanzen<\/span><\/li>\n<li><span style=\"font-family: arial, helvetica, sans-serif;\">T\u00f6pfern<\/span><\/li>\n<\/ul>\n<p><span style=\"font-size: 14pt; font-family: arial, helvetica, sans-serif;\">3. &#8211; 6.- Klasse<\/span><\/p>\n<ul style=\"list-style-type: square;\">\n<li><span style=\"font-family: arial, helvetica, sans-serif;\">Fu\u00dfball<\/span><\/li>\n<li><span style=\"font-family: arial, helvetica, sans-serif;\">Theater<\/span><\/li>\n<li><span style=\"font-family: arial, helvetica, sans-serif;\">Brettspiele<\/span><\/li>\n<li><span style=\"font-family: arial, helvetica, sans-serif;\">Stricken<\/span><\/li>\n<li><span style=\"font-family: arial, helvetica, sans-serif;\">AG Hunde<\/span><\/li>\n<li><span style=\"font-family: arial, helvetica, sans-serif;\">Tanzen<\/span><\/li>\n<li><span style=\"font-family: arial, helvetica, sans-serif;\">Computer<\/span><\/li>\n<li><span style=\"font-family: arial, helvetica, sans-serif;\">kreatives Basteln<\/span><\/li>\n<li><span style=\"font-family: arial, helvetica, sans-serif;\">kleine Handwerker<\/span><\/li>\n<\/ul>\n<p><span style=\"font-family: arial, helvetica, sans-serif;\">Freitags finden sportliche Spiele f\u00fcr alle Kinder statt.<\/span><\/p>\n<\/div><\/section>\n\n","protected":false},"excerpt":{"rendered":"","protected":false},"author":1,"featured_media":0,"parent":0,"menu_order":0,"comment_status":"closed","ping_status":"closed","template":"","meta":{"footnotes":""},"class_list":["post-94","page","type-page","status-publish","hentry"],"_links":{"self":[{"href":"https:\/\/ahorn-schule.de\/index.php?rest_route=\/wp\/v2\/pages\/94","targetHints":{"allow":["GET"]}}],"collection":[{"href":"https:\/\/ahorn-schule.de\/index.php?rest_route=\/wp\/v2\/pages"}],"about":[{"href":"https:\/\/ahorn-schule.de\/index.php?rest_route=\/wp\/v2\/types\/page"}],"author":[{"embeddable":true,"href":"https:\/\/ahorn-schule.de\/index.php?rest_route=\/wp\/v2\/users\/1"}],"replies":[{"embeddable":true,"href":"https:\/\/ahorn-schule.de\/index.php?rest_route=%2Fwp%2Fv2%2Fcomments&post=94"}],"version-history":[{"count":21,"href":"https:\/\/ahorn-schule.de\/index.php?rest_route=\/wp\/v2\/pages\/94\/revisions"}],"predecessor-version":[{"id":5669,"href":"https:\/\/ahorn-schule.de\/index.php?rest_route=\/wp\/v2\/pages\/94\/revisions\/5669"}],"wp:attachment":[{"href":"https:\/\/ahorn-schule.de\/index.php?rest_route=%2Fwp%2Fv2%2Fmedia&parent=94"}],"curies":[{"name":"wp","href":"https:\/\/api.w.org\/{rel}","templated":true}]}}