{"id":68,"date":"2017-10-27T16:27:28","date_gmt":"2017-10-27T14:27:28","guid":{"rendered":"http:\/\/ahorn-schule.de\/wp\/?page_id=68"},"modified":"2024-02-24T12:31:04","modified_gmt":"2024-02-24T11:31:04","slug":"unsere-schule","status":"publish","type":"page","link":"https:\/\/ahorn-schule.de\/?page_id=68","title":{"rendered":"Unsere Schule"},"content":{"rendered":"<p><img loading=\"lazy\" decoding=\"async\" class=\"aligncenter wp-image-637\" src=\"http:\/\/ahorn-schule.de\/wp-content\/uploads\/2017\/11\/leitbildpage-300x90.jpg\" alt=\"\" width=\"679\" height=\"204\" srcset=\"https:\/\/ahorn-schule.de\/wp-content\/uploads\/2017\/11\/leitbildpage-300x90.jpg 300w, https:\/\/ahorn-schule.de\/wp-content\/uploads\/2017\/11\/leitbildpage-768x231.jpg 768w, https:\/\/ahorn-schule.de\/wp-content\/uploads\/2017\/11\/leitbildpage-1030x309.jpg 1030w, https:\/\/ahorn-schule.de\/wp-content\/uploads\/2017\/11\/leitbildpage-1500x450.jpg 1500w, https:\/\/ahorn-schule.de\/wp-content\/uploads\/2017\/11\/leitbildpage-705x212.jpg 705w, https:\/\/ahorn-schule.de\/wp-content\/uploads\/2017\/11\/leitbildpage-450x135.jpg 450w, https:\/\/ahorn-schule.de\/wp-content\/uploads\/2017\/11\/leitbildpage.jpg 1878w\" sizes=\"auto, (max-width: 679px) 100vw, 679px\" \/><\/p>\n<h2 style=\"text-align: center;\"><span style=\"font-family: arial, helvetica, sans-serif;\"><strong> <img loading=\"lazy\" decoding=\"async\" class=\"alignnone wp-image-212\" src=\"http:\/\/ahorn-schule.de\/wp-content\/uploads\/2017\/10\/ahorn2li-80x80.jpg\" alt=\"\" width=\"51\" height=\"51\" srcset=\"https:\/\/ahorn-schule.de\/wp-content\/uploads\/2017\/10\/ahorn2li-80x80.jpg 80w, https:\/\/ahorn-schule.de\/wp-content\/uploads\/2017\/10\/ahorn2li-36x36.jpg 36w, https:\/\/ahorn-schule.de\/wp-content\/uploads\/2017\/10\/ahorn2li-180x180.jpg 180w, https:\/\/ahorn-schule.de\/wp-content\/uploads\/2017\/10\/ahorn2li-120x120.jpg 120w\" sizes=\"auto, (max-width: 51px) 100vw, 51px\" \/>\u00a0\u00a0\u00a0\u00a0 Die Ahorn-Schule\u00a0\u00a0\u00a0\u00a0 <\/strong><strong><img loading=\"lazy\" decoding=\"async\" class=\"alignnone wp-image-214\" src=\"http:\/\/ahorn-schule.de\/wp-content\/uploads\/2017\/10\/ahorn2re-80x80.jpg\" alt=\"\" width=\"54\" height=\"54\" srcset=\"https:\/\/ahorn-schule.de\/wp-content\/uploads\/2017\/10\/ahorn2re-80x80.jpg 80w, https:\/\/ahorn-schule.de\/wp-content\/uploads\/2017\/10\/ahorn2re-36x36.jpg 36w, https:\/\/ahorn-schule.de\/wp-content\/uploads\/2017\/10\/ahorn2re-180x180.jpg 180w, https:\/\/ahorn-schule.de\/wp-content\/uploads\/2017\/10\/ahorn2re-120x120.jpg 120w\" sizes=\"auto, (max-width: 54px) 100vw, 54px\" \/><\/strong><\/span><\/h2>\n<h4 style=\"text-align: center;\"><span style=\"font-family: arial, helvetica, sans-serif;\"><strong>ist ein F\u00f6rderzentrum und eine Grundschule mit den F\u00f6rderschwerpunkten \u201eSprache\u201c . <\/strong><\/span><\/h4>\n<p><span style=\"font-family: arial, helvetica, sans-serif;\">Alle Kinder lernen nach dem Rahmenplan der Grundschule f\u00fcr Berlin. Bei uns lernen Sch\u00fcler und Sch\u00fclerinnen, die im Kindergarten oder in der Grundschule aufgrund ihrer Sprache, ihrer Sprechweise und\/ oder ihres Kommunikationsverhaltens einer intensiven sprachtherapeutischen F\u00f6rderung durch speziell ausgebildete Lehrkr\u00e4fte bed\u00fcrfen.<\/span><\/p>\n<p><span style=\"font-family: arial, helvetica, sans-serif;\">Unsere Sch\u00fclerinnen und Sch\u00fcler haben Sprachentwicklungsst\u00f6rungen. Dazu geh\u00f6ren Auff\u00e4lligkeiten in der Lautbildung, in der Grammatik, in der Kommunikation (Stottern, Poltern, Schweigen) sowie Wortfindungs- und Stimmst\u00f6rungen.<\/span><\/p>\n<p><span style=\"font-family: arial, helvetica, sans-serif;\">Kinder mit F\u00f6rderschwerpunkt &#8222;Sprache&#8220; &amp; Autismusspektrumst\u00f6rung k\u00f6nnen bei uns beschult werden, wenn sie in der Lage sind, den Alltag und Unterricht der Grundschule zu bew\u00e4ltigen.<\/span><\/p>\n<p><span style=\"font-family: arial, helvetica, sans-serif;\">Oft sind die Sch\u00fcler und Sch\u00fclerinnen neben allgemeinen Entwicklungsverz\u00f6gerungen auch von Teilleistungsst\u00f6rungen, Wahrnehmungsschw\u00e4chen und Konzentrationsschwierigkeiten betroffen<\/span><\/p>\n<p><span style=\"font-family: arial, helvetica, sans-serif;\">Der Unterricht findet nach dem Rahmenplan der Berliner Grundschule statt. Unsere Schule ist eine Durchgangsschule, das bedeutet unsere Sch\u00fclerinnen und Sch\u00fcler k\u00f6nnen je nach Leistungs\u2013 und Sprachentwicklungsstand, sowie Rehabilitation der Spracheeintr\u00e4chtigung\/-st\u00f6rung zeitnah zur\u00fcck in eine Regelschule wechseln.<\/span><\/p>\n<p><span style=\"font-family: arial, helvetica, sans-serif;\">Unsere Schule umfasst die Schulanfangsphase (Saph), in der die Kinder 2 oder 3 Jahre verbleiben und die Klassen 3 bis 6. Grundlage f\u00fcr die Aufnahme in die Ahorn-Schule ist die Durchf\u00fchrung eines sonderp\u00e4dagogischen Feststellungsverfahrens. <span style=\"text-decoration: underline;\">Dieses m\u00fcssen Sie, als Erziehungsberechtigte, selbst an der zust\u00e4ndigen Grundschule veranlassen, wenn Sie eine Beschulung an der Ahorn-Schule w\u00fcnschen.<\/span><\/span><\/p>\n<p><span style=\"font-family: arial, helvetica, sans-serif;\">Der Unterricht findet in kleinen Klassenverb\u00e4nden von ca. 12 Kindern statt. Durch die geringe Klassenst\u00e4rke, kann auch w\u00e4hrend des Unterrichts sprachtherapeutisch Einfluss auf die Sprache des Kindes genommen werden. Er ist methodisch so aufgebaut, dass die individuellen Sprachauff\u00e4lligkeiten des Kindes in allen Unterrichtsf\u00e4chern ber\u00fccksichtigt werden.<\/span><\/p>\n<p><span style=\"font-family: arial, helvetica, sans-serif;\">Jedes Kind erh\u00e4lt\u00a0 w\u00f6chentlich Sprachtherapie durch Sonderp\u00e4dagogen. In der Schulanfangsphase werden Sch\u00fclerinnen und Sch\u00fcler psychomotorisch gef\u00f6rdert.<\/span><\/p>\n<p><span style=\"font-family: arial, helvetica, sans-serif;\">Als \u00a0Erg\u00e4nzung finden Integrative Lerntherapien und auf Verordnung Logop\u00e4die, sowie Ergotherapie innerhalb des Schultages statt.<\/span><\/p>\n<p><span style=\"font-family: arial, helvetica, sans-serif;\">Die Sch\u00fclerinnen und Sch\u00fcler k\u00f6nnen eine Schulbibliothek und einen Computerraum nutzen. Eine p\u00e4dagogisch ausgerichtete \u201eEntspannungsinsel\u201c steht den ganzen Tag zur Verf\u00fcgung.\u00a0 Alle Klassen- und Fachr\u00e4ume sind mit interaktiven Whiteboards ausgestattet. Wir sind \u201ekreidefrei\u201c!<\/span><\/p>\n<p><span style=\"font-family: arial, helvetica, sans-serif;\">Unser Ziel ist eine intensive sprachliche F\u00f6rderung in- und au\u00dferhalb des Unterrichts nach den wissenschaftlichen Erkenntnissen der Sprachheilp\u00e4dagogik.<\/span><\/p>\n<p>&nbsp;<\/p>\n<p>&nbsp;<\/p>\n","protected":false},"excerpt":{"rendered":"<p>\u00a0\u00a0\u00a0\u00a0 Die Ahorn-Schule\u00a0\u00a0\u00a0\u00a0 ist ein F\u00f6rderzentrum und eine Grundschule mit den F\u00f6rderschwerpunkten \u201eSprache\u201c . Alle Kinder lernen nach dem Rahmenplan der Grundschule f\u00fcr Berlin. Bei uns lernen Sch\u00fcler und Sch\u00fclerinnen, die im Kindergarten oder in der Grundschule aufgrund ihrer Sprache, ihrer Sprechweise und\/ oder ihres Kommunikationsverhaltens einer intensiven sprachtherapeutischen F\u00f6rderung durch speziell ausgebildete Lehrkr\u00e4fte bed\u00fcrfen. [&hellip;]<\/p>\n","protected":false},"author":1,"featured_media":0,"parent":0,"menu_order":0,"comment_status":"closed","ping_status":"closed","template":"","meta":{"footnotes":""},"class_list":["post-68","page","type-page","status-publish","hentry"],"_links":{"self":[{"href":"https:\/\/ahorn-schule.de\/index.php?rest_route=\/wp\/v2\/pages\/68","targetHints":{"allow":["GET"]}}],"collection":[{"href":"https:\/\/ahorn-schule.de\/index.php?rest_route=\/wp\/v2\/pages"}],"about":[{"href":"https:\/\/ahorn-schule.de\/index.php?rest_route=\/wp\/v2\/types\/page"}],"author":[{"embeddable":true,"href":"https:\/\/ahorn-schule.de\/index.php?rest_route=\/wp\/v2\/users\/1"}],"replies":[{"embeddable":true,"href":"https:\/\/ahorn-schule.de\/index.php?rest_route=%2Fwp%2Fv2%2Fcomments&post=68"}],"version-history":[{"count":17,"href":"https:\/\/ahorn-schule.de\/index.php?rest_route=\/wp\/v2\/pages\/68\/revisions"}],"predecessor-version":[{"id":5076,"href":"https:\/\/ahorn-schule.de\/index.php?rest_route=\/wp\/v2\/pages\/68\/revisions\/5076"}],"wp:attachment":[{"href":"https:\/\/ahorn-schule.de\/index.php?rest_route=%2Fwp%2Fv2%2Fmedia&parent=68"}],"curies":[{"name":"wp","href":"https:\/\/api.w.org\/{rel}","templated":true}]}}