{"id":3408,"date":"2020-11-15T19:55:18","date_gmt":"2020-11-15T18:55:18","guid":{"rendered":"https:\/\/ahorn-schule.de\/?page_id=3408"},"modified":"2026-01-19T22:02:30","modified_gmt":"2026-01-19T21:02:30","slug":"schulsozialarbeit","status":"publish","type":"page","link":"https:\/\/ahorn-schule.de\/?page_id=3408","title":{"rendered":"Schulsozialarbeit"},"content":{"rendered":"<section  class='av_textblock_section av-31hwhs-c1a2a79ad9066deab5f413257bba9227 '   itemscope=\"itemscope\" itemtype=\"https:\/\/schema.org\/CreativeWork\" ><div class='avia_textblock'  itemprop=\"text\" ><p align=\"JUSTIFY\"><img loading=\"lazy\" decoding=\"async\" class=\" wp-image-6397 aligncenter\" style=\"text-align: start;\" src=\"https:\/\/ahorn-schule.de\/wp-content\/uploads\/2026\/01\/sootialarbeit-logo26-1-300x42.jpg\" alt=\"\" width=\"343\" height=\"48\" srcset=\"https:\/\/ahorn-schule.de\/wp-content\/uploads\/2026\/01\/sootialarbeit-logo26-1-300x42.jpg 300w, https:\/\/ahorn-schule.de\/wp-content\/uploads\/2026\/01\/sootialarbeit-logo26-1-80x11.jpg 80w, https:\/\/ahorn-schule.de\/wp-content\/uploads\/2026\/01\/sootialarbeit-logo26-1.jpg 627w\" sizes=\"auto, (max-width: 343px) 100vw, 343px\" \/><\/p>\n<p align=\"JUSTIFY\"><span style=\"font-family: arial, helvetica, sans-serif; font-size: 24pt;\">\u00a0 \u00a0 <img loading=\"lazy\" decoding=\"async\" class=\"alignnone wp-image-212\" src=\"https:\/\/ahorn-schule.de\/wp-content\/uploads\/2017\/10\/ahorn2li-300x283.jpg\" alt=\"\" width=\"64\" height=\"60\" srcset=\"https:\/\/ahorn-schule.de\/wp-content\/uploads\/2017\/10\/ahorn2li-300x283.jpg 300w, https:\/\/ahorn-schule.de\/wp-content\/uploads\/2017\/10\/ahorn2li.jpg 362w\" sizes=\"auto, (max-width: 64px) 100vw, 64px\" \/>\u00a0 \u00a0 <span style=\"text-decoration: underline;\"><span style=\"color: #000000; text-decoration: underline;\"><span style=\"font-size: 18pt;\">SCHULSOZIALARBEIT<\/span>\u00a0<\/span><\/span><\/span><span style=\"font-family: arial, helvetica, sans-serif; font-size: 24pt;\"><span style=\"text-decoration: underline;\"><span style=\"color: #000000; text-decoration: underline;\"><span style=\"font-size: 18pt;\">an der Ahorn-Schule<\/span>\u00a0<\/span><\/span> \u00a0 <img loading=\"lazy\" decoding=\"async\" class=\"alignnone wp-image-214\" src=\"https:\/\/ahorn-schule.de\/wp-content\/uploads\/2017\/10\/ahorn2re-300x283.jpg\" alt=\"\" width=\"66\" height=\"62\" srcset=\"https:\/\/ahorn-schule.de\/wp-content\/uploads\/2017\/10\/ahorn2re-300x283.jpg 300w, https:\/\/ahorn-schule.de\/wp-content\/uploads\/2017\/10\/ahorn2re.jpg 362w\" sizes=\"auto, (max-width: 66px) 100vw, 66px\" \/>\u00a0 \u00a0 \u00a0 \u00a0 \u00a0 \u00a0 \u00a0 \u00a0 \u00a0 \u00a0 \u00a0 \u00a0 \u00a0 \u00a0 \u00a0<\/span><\/p>\n<p align=\"JUSTIFY\"><span style=\"font-family: arial, helvetica, sans-serif; font-size: 14pt; color: #000000;\">wird als sozialp\u00e4dagogisches Angebot f\u00fcr <i>alle<\/i> Kinder unserer Schule betrachtet.<\/span><\/p>\n<p align=\"JUSTIFY\"><span style=\"font-family: arial, helvetica, sans-serif; font-size: 14pt; color: #000000;\">Schulsozialarbeit ist ein freiwilliges sozialp\u00e4dagogisches Angebot f\u00fcr alle Sch\u00fclerinnen und <\/span><br \/>\n<span style=\"font-family: arial, helvetica, sans-serif; font-size: 14pt; color: #000000;\">Sch\u00fcler sowie f\u00fcr Eltern und Lehrkr\u00e4fte. Sie unterst\u00fctzt bei sozialen, emotionalen und <\/span><br \/>\n<span style=\"font-family: arial, helvetica, sans-serif; font-size: 14pt; color: #000000;\">schulischen Anliegen und wirkt pr\u00e4ventiv sowie begleitend. <\/span><br \/>\n<span style=\"font-family: arial, helvetica, sans-serif; font-size: 14pt; color: #000000;\">Die Angebote umfassen Beratung, Gruppenarbeit, Projekte, Krisenintervention, Vernetzung <\/span><br \/>\n<span style=\"font-family: arial, helvetica, sans-serif; font-size: 14pt; color: #000000;\">von Hilfen und die Mitwirkung an der Schulentwicklung. Ziel ist die F\u00f6rderung von <\/span><br \/>\n<span style=\"font-family: arial, helvetica, sans-serif; font-size: 14pt; color: #000000;\">Chancengerechtigkeit, Inklusion und sozialem Lernen. <\/span><br \/>\n<span style=\"font-family: arial, helvetica, sans-serif; font-size: 14pt; color: #000000;\">Die Schulsozialarbeiterin unterliegt der gesetzlichen Schweigepflicht. Alle Informationen <\/span><br \/>\n<span style=\"font-family: arial, helvetica, sans-serif; font-size: 14pt; color: #000000;\">werden vertraulich behandelt. Ausnahmen bestehen nur bei ausdr\u00fccklicher Einwilligung, <\/span><br \/>\n<span style=\"font-family: arial, helvetica, sans-serif; font-size: 14pt; color: #000000;\">Kindeswohlgef\u00e4hrdung (\u00a7 8a SGB VIII), akuter Selbst- oder Fremdgef\u00e4hrdung oder <\/span><br \/>\n<span style=\"font-family: arial, helvetica, sans-serif; font-size: 14pt; color: #000000;\">gesetzlicher Offenlegungspflicht.<\/span><\/p>\n<p><span style=\"font-family: arial, helvetica, sans-serif;\"><strong><span style=\"font-size: 12pt; color: #000000;\"><span style=\"font-size: 14pt;\">Schulsozialarbeit <\/span><\/span><\/strong><span style=\"font-size: 12pt; color: #000000;\"><span style=\"font-size: 14pt;\">kooperiert mit<\/span><\/span><span style=\"font-size: 12pt; color: #000000;\">:<\/span><\/span><\/p>\n<p><span style=\"font-family: arial, helvetica, sans-serif; font-size: 12pt; color: #000000;\">\u2022 Jugendhilfe <\/span><br \/>\n<span style=\"font-family: arial, helvetica, sans-serif; font-size: 12pt; color: #000000;\">\u2022 Schulpsychologisches und Inklusionsp\u00e4dagogisches Beratungs- und Unterst\u00fctzungszentrum <\/span><br \/>\n<span style=\"font-family: arial, helvetica, sans-serif; font-size: 12pt; color: #000000;\">(SIBUZ) <\/span><br \/>\n<span style=\"font-family: arial, helvetica, sans-serif; font-size: 12pt; color: #000000;\">\u2022 Gesundheitsf\u00fcrsorge <\/span><br \/>\n<span style=\"font-family: arial, helvetica, sans-serif; font-size: 12pt; color: #000000;\">\u2022 Polizei <\/span><br \/>\n<span style=\"font-family: arial, helvetica, sans-serif; font-size: 12pt; color: #000000;\">\u2022 Sport-, Kultur- und Freizeitangebote <\/span><br \/>\n<span style=\"font-family: arial, helvetica, sans-serif; font-size: 12pt; color: #000000;\">\u2022 Lokale Netzwerke und Initiativen <\/span><br \/>\n<span style=\"font-family: arial, helvetica, sans-serif; font-size: 12pt; color: #000000;\">Aufgabenfelder <\/span><br \/>\n<span style=\"font-family: arial, helvetica, sans-serif; font-size: 12pt; color: #000000;\">\u2022 Sozialp\u00e4dagogische Beratung <\/span><br \/>\n<span style=\"font-family: arial, helvetica, sans-serif; font-size: 12pt; color: #000000;\">\u2022 Unterst\u00fctzung und Begleitung in Krisen <\/span><br \/>\n<span style=\"font-family: arial, helvetica, sans-serif; font-size: 12pt; color: #000000;\">\u2022 F\u00f6rderung von Inklusion <\/span><br \/>\n<span style=\"font-family: arial, helvetica, sans-serif; font-size: 12pt; color: #000000;\">\u2022 Zusammenarbeit mit der Sonderp\u00e4dagogik <\/span><br \/>\n<span style=\"font-family: arial, helvetica, sans-serif; font-size: 12pt; color: #000000;\">\u2022 Zuarbeit zu F\u00f6rderpl\u00e4nen <\/span><br \/>\n<span style=\"font-family: arial, helvetica, sans-serif; font-size: 12pt; color: #000000;\">\u2022 Unterst\u00fctzung bei Antragsverfahren<\/span><span style=\"font-family: arial, helvetica, sans-serif; font-size: 12pt; color: #000000;\">\u2022 Soziales Lernen und Konfliktbew\u00e4ltigung <\/span><br \/>\n<span style=\"font-family: arial, helvetica, sans-serif; font-size: 12pt; color: #000000;\">\u2022 F\u00f6rderung bei Verhaltens- und Lernproblemen <\/span><br \/>\n<span style=\"font-family: arial, helvetica, sans-serif; font-size: 12pt; color: #000000;\">\u2022 Pr\u00e4vention (Sucht, Gewalt, Schuldistanz) <\/span><br \/>\n<span style=\"font-family: arial, helvetica, sans-serif; font-size: 12pt; color: #000000;\">\u2022 Unterst\u00fctzung beim \u00dcbergang in weiterf\u00fchrende Schulen <\/span><br \/>\n<span style=\"font-family: arial, helvetica, sans-serif; font-size: 12pt; color: #000000;\">\u2022 Bildungs- und Freizeitangebote<\/span><\/p>\n<p><span style=\"font-family: arial, helvetica, sans-serif;\"><strong><span style=\"font-size: 12pt; color: #000000;\">Aufgabenfelder:<\/span><\/strong><\/span><\/p>\n<ul>\n<li><span style=\"font-family: arial, helvetica, sans-serif; font-size: 12pt; color: #000000;\">sozialp\u00e4dagogische Beratung<\/span><\/li>\n<li><span style=\"font-family: arial, helvetica, sans-serif; font-size: 12pt; color: #000000;\">Unterst\u00fctzung und Begleitung in Krisen<\/span><\/li>\n<li><span style=\"font-family: arial, helvetica, sans-serif; font-size: 12pt; color: #000000;\">F\u00f6rderung der Inklusion von benachteiligten Sch\u00fclerinnen und Sch\u00fclern der Schule<\/span><\/li>\n<li><span style=\"font-family: arial, helvetica, sans-serif; font-size: 12pt; color: #000000;\">Zusammenarbeit mit der Sonderp\u00e4dagogik<\/span><\/li>\n<li><span style=\"font-family: arial, helvetica, sans-serif; font-size: 12pt; color: #000000;\">Zuarbeit von F\u00f6rderpl\u00e4nen<\/span><\/li>\n<li><span style=\"font-family: arial, helvetica, sans-serif; font-size: 12pt; color: #000000;\">Unterst\u00fctzung von Antragsverfahren<\/span><\/li>\n<li><span style=\"font-family: arial, helvetica, sans-serif; font-size: 12pt; color: #000000;\">Soziales Lernen und Konfliktbew\u00e4ltigung<\/span><\/li>\n<li><span style=\"font-family: arial, helvetica, sans-serif; font-size: 12pt; color: #000000;\">F\u00f6rderung bei Verhaltens- und Lernproblemen<\/span><\/li>\n<li><span style=\"font-family: arial, helvetica, sans-serif; font-size: 12pt; color: #000000;\">Vermeidung von Schuldistanz<\/span><\/li>\n<li><span style=\"font-family: arial, helvetica, sans-serif; font-size: 12pt; color: #000000;\">Sucht- und Gewaltpr\u00e4vention<\/span><\/li>\n<li><span style=\"font-family: arial, helvetica, sans-serif; font-size: 12pt; color: #000000;\">Unterst\u00fctzung bei dem \u00dcbergang in die weiterf\u00fchrende Schule<\/span><\/li>\n<li><span style=\"font-family: arial, helvetica, sans-serif; font-size: 12pt; color: #000000;\">Bildungsangebote und Freizeitangebote<\/span><\/li>\n<\/ul>\n<p><span style=\"font-family: arial, helvetica, sans-serif; color: #000000;\"><strong>KONTAKT<\/strong> \u00fcber:<\/span><\/p>\n<p><span style=\"font-family: arial, helvetica, sans-serif;\">S. George <\/span><br \/>\n<span style=\"font-family: arial, helvetica, sans-serif;\">Raum 304 (Schulstation) <\/span><br \/>\n<span style=\"font-family: arial, helvetica, sans-serif;\">Telefon: 030 64092146 <\/span><br \/>\n<span style=\"font-family: arial, helvetica, sans-serif;\">E-Mail: susanne.george@schule-lebenshilfe.de oder \u00fcber die schulcloud<\/span><br \/>\n<span style=\"font-family: arial, helvetica, sans-serif;\">Sprechzeiten: Montag\u2013Freitag 07:30\u201313:30 Uhr und nach Vereinbarung <\/span><br \/>\n<span style=\"font-family: arial, helvetica, sans-serif;\">Tr\u00e4ger: LHS Lebenshilfe in der Schule gGmbH <\/span><\/p>\n<\/div><\/section>\n\n<style type=\"text\/css\" data-created_by=\"avia_inline_auto\" id=\"style-css-av-lfif89m9-ab9f4d90cbc87f56e10e5fcfdc6d3ac2\">\n#top .flex_column.av-lfif89m9-ab9f4d90cbc87f56e10e5fcfdc6d3ac2{\nmargin-top:0px;\nmargin-bottom:0px;\n}\n.flex_column.av-lfif89m9-ab9f4d90cbc87f56e10e5fcfdc6d3ac2{\nborder-width:2px;\nborder-color:#9ea88f;\nborder-style:solid;\nborder-radius:0px 0px 0px 0px;\npadding:0px 0px 0px 0px;\n}\n.responsive #top #wrap_all .flex_column.av-lfif89m9-ab9f4d90cbc87f56e10e5fcfdc6d3ac2{\nmargin-top:0px;\nmargin-bottom:0px;\n}\n<\/style>\n<div  class='flex_column av-lfif89m9-ab9f4d90cbc87f56e10e5fcfdc6d3ac2 av_one_full  avia-builder-el-1  el_after_av_textblock  avia-builder-el-last  first flex_column_div av-zero-column-padding  column-top-margin'     ><section  class='av_textblock_section av-lfif278p-0e6c77cec4d6c6ca78d90e060c3d3e5a '   itemscope=\"itemscope\" itemtype=\"https:\/\/schema.org\/CreativeWork\" ><div class='avia_textblock'  itemprop=\"text\" ><p><span style=\"font-family: arial, helvetica, sans-serif;\"><strong>Blick ins Fenster der Sozialarbeit\u00a0<\/strong><\/span><\/p>\n<p><em><span style=\"font-family: arial, helvetica, sans-serif;\">Pr\u00e4ventionsworkshop<\/span><\/em><\/p>\n<p><span style=\"font-family: arial, helvetica, sans-serif;\">Die 4. Klassen nahmen im Februar an einem Pr\u00e4ventionsworkshop gegen sexualisierte Gewalt teil. Der Workshop beinhaltete eine intensive Vor- und Nachbereitung der Kollegen und Kolleginnen aus der Schule, die die Projekttage begleiteten.<\/span><br \/>\n<span style=\"font-family: arial, helvetica, sans-serif;\"> Zudem fand ein thematischer Elternabend statt, an dem die Eltern der 4. Klasse \u00fcber M\u00f6glichkeiten der Pr\u00e4vention und \u00fcber die Inhalte des Workshops informiert wurden.<\/span><br \/>\n<span style=\"font-family: arial, helvetica, sans-serif;\"> Im Workshop lernten die Kinder, durch angeleitete Rollenspiele wo sie Hilfe bekommen, um schwierige Situationen zu meistern. Sie wurden in ihrem Selbstbewusstsein gest\u00e4rkt und ermutigt, f\u00fcr ihre Rechte einzustehen.<\/span><br \/>\n<span style=\"font-family: arial, helvetica, sans-serif;\"> Das kostenlose Pr\u00e4ventionsprogramm wurde durch die Senatsverwaltung finanziert.\u00a0Die Durchf\u00fchrung des erfolgte Workshop durch den Verein Strohhalm e.V., einer Fachstelle f\u00fcr die Pr\u00e4vention von sexualisierter Gewalt an M\u00e4dchen, Jungen und Kindern aller Geschlechter.<\/span><br \/>\n<span style=\"font-family: arial, helvetica, sans-serif;\"> Weitere Informationen erhalten Sie auf der Homepage von Strohhalm e.V. <img loading=\"lazy\" decoding=\"async\" class=\"alignnone wp-image-4393\" src=\"https:\/\/ahorn-schule.de\/wp-content\/uploads\/2023\/03\/header_neu_strohhalm_780-300x83.png\" alt=\"\" width=\"177\" height=\"49\" srcset=\"https:\/\/ahorn-schule.de\/wp-content\/uploads\/2023\/03\/header_neu_strohhalm_780-300x83.png 300w, https:\/\/ahorn-schule.de\/wp-content\/uploads\/2023\/03\/header_neu_strohhalm_780-80x22.png 80w, https:\/\/ahorn-schule.de\/wp-content\/uploads\/2023\/03\/header_neu_strohhalm_780.png 442w\" sizes=\"auto, (max-width: 177px) 100vw, 177px\" \/><\/span><\/p>\n<p style=\"text-align: right;\"><em><span style=\"font-family: arial, helvetica, sans-serif; font-size: 10pt;\">Autorin: S. George<\/span><\/em><\/p>\n<\/div><\/section><\/div>\n","protected":false},"excerpt":{"rendered":"","protected":false},"author":1,"featured_media":0,"parent":0,"menu_order":0,"comment_status":"closed","ping_status":"closed","template":"","meta":{"footnotes":""},"class_list":["post-3408","page","type-page","status-publish","hentry"],"_links":{"self":[{"href":"https:\/\/ahorn-schule.de\/index.php?rest_route=\/wp\/v2\/pages\/3408","targetHints":{"allow":["GET"]}}],"collection":[{"href":"https:\/\/ahorn-schule.de\/index.php?rest_route=\/wp\/v2\/pages"}],"about":[{"href":"https:\/\/ahorn-schule.de\/index.php?rest_route=\/wp\/v2\/types\/page"}],"author":[{"embeddable":true,"href":"https:\/\/ahorn-schule.de\/index.php?rest_route=\/wp\/v2\/users\/1"}],"replies":[{"embeddable":true,"href":"https:\/\/ahorn-schule.de\/index.php?rest_route=%2Fwp%2Fv2%2Fcomments&post=3408"}],"version-history":[{"count":16,"href":"https:\/\/ahorn-schule.de\/index.php?rest_route=\/wp\/v2\/pages\/3408\/revisions"}],"predecessor-version":[{"id":6395,"href":"https:\/\/ahorn-schule.de\/index.php?rest_route=\/wp\/v2\/pages\/3408\/revisions\/6395"}],"wp:attachment":[{"href":"https:\/\/ahorn-schule.de\/index.php?rest_route=%2Fwp%2Fv2%2Fmedia&parent=3408"}],"curies":[{"name":"wp","href":"https:\/\/api.w.org\/{rel}","templated":true}]}}