{"id":325,"date":"2017-11-05T10:01:19","date_gmt":"2017-11-05T09:01:19","guid":{"rendered":"http:\/\/ahorn-schule.de\/wp\/?page_id=325"},"modified":"2025-02-02T14:07:50","modified_gmt":"2025-02-02T13:07:50","slug":"feriengestaltung","status":"publish","type":"page","link":"https:\/\/ahorn-schule.de\/?page_id=325","title":{"rendered":"Feriengestaltung"},"content":{"rendered":"<div class=\"floatbox\">\n<h1><\/h1>\n<h1><span style=\"font-family: arial, helvetica, sans-serif;\"><img loading=\"lazy\" decoding=\"async\" class=\"alignnone wp-image-789\" src=\"http:\/\/ahorn-schule.de\/wp-content\/uploads\/2018\/05\/camp6.jpg\" alt=\"\" width=\"80\" height=\"112\" srcset=\"https:\/\/ahorn-schule.de\/wp-content\/uploads\/2018\/05\/camp6.jpg 1131w, https:\/\/ahorn-schule.de\/wp-content\/uploads\/2018\/05\/camp6-214x300.jpg 214w, https:\/\/ahorn-schule.de\/wp-content\/uploads\/2018\/05\/camp6-768x1078.jpg 768w, https:\/\/ahorn-schule.de\/wp-content\/uploads\/2018\/05\/camp6-734x1030.jpg 734w, https:\/\/ahorn-schule.de\/wp-content\/uploads\/2018\/05\/camp6-1069x1500.jpg 1069w, https:\/\/ahorn-schule.de\/wp-content\/uploads\/2018\/05\/camp6-502x705.jpg 502w, https:\/\/ahorn-schule.de\/wp-content\/uploads\/2018\/05\/camp6-450x631.jpg 450w\" sizes=\"auto, (max-width: 80px) 100vw, 80px\" \/><img loading=\"lazy\" decoding=\"async\" class=\"alignnone wp-image-466\" src=\"http:\/\/ahorn-schule.de\/wp-content\/uploads\/2017\/11\/Ferienhort1.jpg\" alt=\"\" width=\"203\" height=\"114\" srcset=\"https:\/\/ahorn-schule.de\/wp-content\/uploads\/2017\/11\/Ferienhort1.jpg 2016w, https:\/\/ahorn-schule.de\/wp-content\/uploads\/2017\/11\/Ferienhort1-300x169.jpg 300w, https:\/\/ahorn-schule.de\/wp-content\/uploads\/2017\/11\/Ferienhort1-768x432.jpg 768w, https:\/\/ahorn-schule.de\/wp-content\/uploads\/2017\/11\/Ferienhort1-1030x579.jpg 1030w, https:\/\/ahorn-schule.de\/wp-content\/uploads\/2017\/11\/Ferienhort1-1500x844.jpg 1500w, https:\/\/ahorn-schule.de\/wp-content\/uploads\/2017\/11\/Ferienhort1-705x397.jpg 705w, https:\/\/ahorn-schule.de\/wp-content\/uploads\/2017\/11\/Ferienhort1-450x253.jpg 450w\" sizes=\"auto, (max-width: 203px) 100vw, 203px\" \/><img loading=\"lazy\" decoding=\"async\" class=\"alignnone wp-image-468\" src=\"http:\/\/ahorn-schule.de\/wp-content\/uploads\/2017\/11\/Ferienhort3.jpg\" alt=\"\" width=\"176\" height=\"116\" srcset=\"https:\/\/ahorn-schule.de\/wp-content\/uploads\/2017\/11\/Ferienhort3.jpg 1703w, https:\/\/ahorn-schule.de\/wp-content\/uploads\/2017\/11\/Ferienhort3-300x198.jpg 300w, https:\/\/ahorn-schule.de\/wp-content\/uploads\/2017\/11\/Ferienhort3-768x507.jpg 768w, https:\/\/ahorn-schule.de\/wp-content\/uploads\/2017\/11\/Ferienhort3-1030x680.jpg 1030w, https:\/\/ahorn-schule.de\/wp-content\/uploads\/2017\/11\/Ferienhort3-1500x990.jpg 1500w, https:\/\/ahorn-schule.de\/wp-content\/uploads\/2017\/11\/Ferienhort3-705x465.jpg 705w, https:\/\/ahorn-schule.de\/wp-content\/uploads\/2017\/11\/Ferienhort3-450x297.jpg 450w\" sizes=\"auto, (max-width: 176px) 100vw, 176px\" \/><img loading=\"lazy\" decoding=\"async\" class=\"alignnone wp-image-467\" src=\"http:\/\/ahorn-schule.de\/wp-content\/uploads\/2017\/11\/Ferienhort2.jpg\" alt=\"\" width=\"188\" height=\"116\" srcset=\"https:\/\/ahorn-schule.de\/wp-content\/uploads\/2017\/11\/Ferienhort2.jpg 1830w, https:\/\/ahorn-schule.de\/wp-content\/uploads\/2017\/11\/Ferienhort2-300x186.jpg 300w, https:\/\/ahorn-schule.de\/wp-content\/uploads\/2017\/11\/Ferienhort2-768x476.jpg 768w, https:\/\/ahorn-schule.de\/wp-content\/uploads\/2017\/11\/Ferienhort2-1030x638.jpg 1030w, https:\/\/ahorn-schule.de\/wp-content\/uploads\/2017\/11\/Ferienhort2-1500x930.jpg 1500w, https:\/\/ahorn-schule.de\/wp-content\/uploads\/2017\/11\/Ferienhort2-705x437.jpg 705w, https:\/\/ahorn-schule.de\/wp-content\/uploads\/2017\/11\/Ferienhort2-450x279.jpg 450w\" sizes=\"auto, (max-width: 188px) 100vw, 188px\" \/><img loading=\"lazy\" decoding=\"async\" class=\"alignnone wp-image-790\" src=\"http:\/\/ahorn-schule.de\/wp-content\/uploads\/2018\/05\/camp-neptun2.jpg\" alt=\"\" width=\"81\" height=\"116\" srcset=\"https:\/\/ahorn-schule.de\/wp-content\/uploads\/2018\/05\/camp-neptun2.jpg 1004w, https:\/\/ahorn-schule.de\/wp-content\/uploads\/2018\/05\/camp-neptun2-209x300.jpg 209w, https:\/\/ahorn-schule.de\/wp-content\/uploads\/2018\/05\/camp-neptun2-768x1101.jpg 768w, https:\/\/ahorn-schule.de\/wp-content\/uploads\/2018\/05\/camp-neptun2-719x1030.jpg 719w, https:\/\/ahorn-schule.de\/wp-content\/uploads\/2018\/05\/camp-neptun2-492x705.jpg 492w, https:\/\/ahorn-schule.de\/wp-content\/uploads\/2018\/05\/camp-neptun2-450x645.jpg 450w\" sizes=\"auto, (max-width: 81px) 100vw, 81px\" \/><\/span><\/h1>\n<h1 class=\"contentheading\"><span style=\"font-family: arial,helvetica,sans-serif;\">Feriengestaltung<\/span><\/h1>\n<\/div>\n<p>&nbsp;<\/p>\n<p><span style=\"font-family: arial,helvetica,sans-serif; font-size: 14pt;\">Wir gestalten die Ferien interessant und abwechslungsreich mit vielseitigen Aktivit\u00e4ten auch an anderen Schulen.<\/span><\/p>\n<p><span style=\"font-family: arial,helvetica,sans-serif; font-size: 14pt;\">Die Ferienbetreuung findet an vier St\u00fctzpunktschulen des Bezirkes Treptow\/ K\u00f6penick statt.<\/span><\/p>\n<p><span style=\"font-family: arial,helvetica,sans-serif; font-size: 14pt;\">In den ersten beiden Wochen der Sommerferien findet, j\u00e4hrlich unser traditionelles Feriencamp statt.<\/span><\/p>\n<p>&nbsp;<\/p>\n<h1><span style=\"font-family: arial, helvetica, sans-serif;\"><img loading=\"lazy\" decoding=\"async\" class=\"wp-image-1061 alignleft\" src=\"http:\/\/ahorn-schule.de\/wp-content\/uploads\/2018\/06\/FerienCampTAUFE-e1529750076537.jpg\" alt=\"\" width=\"161\" height=\"240\" \/><\/span><\/h1>\n<p><span style=\"font-family: arial, helvetica, sans-serif;\"><strong><span style=\"font-size: 24pt;\">Planung f\u00fcr das 25. Feriencamp der Ahorn-Schule<\/span><\/strong><\/span><\/p>\n<p>&nbsp;<\/p>\n<p><span style=\"font-family: arial,helvetica,sans-serif; font-size: 14pt;\">Im Ze<\/span><span style=\"font-family: arial,helvetica,sans-serif; font-size: 14pt;\">itraum vom 28.07.2025 bis zum 08.08.2025 fahren wir wieder in das Feriencamp\u00a0 nach Petzow\/Havel. F\u00fcr die Kinder der Ahorn-Schule wird in diesem Jahr das 25. Feriencamp f\u00fcr ca. 40 Kinder\u00a0 geplant. <\/span><\/p>\n<p><span style=\"font-family: arial,helvetica,sans-serif; font-size: 14pt;\">Weitere Informationen erfragen Sie bitte im eF\u00f6B bei Herrn Maase.<\/span><\/p>\n<p>&nbsp;<\/p>\n<p>&nbsp;<\/p>\n<div class=\"floatbox\"><\/div>\n<p>&nbsp;<\/p>\n<p>&nbsp;<\/p>\n<p>&nbsp;<\/p>\n","protected":false},"excerpt":{"rendered":"<p>Feriengestaltung &nbsp; Wir gestalten die Ferien interessant und abwechslungsreich mit vielseitigen Aktivit\u00e4ten auch an anderen Schulen. Die Ferienbetreuung findet an vier St\u00fctzpunktschulen des Bezirkes Treptow\/ K\u00f6penick statt. In den ersten beiden Wochen der Sommerferien findet, j\u00e4hrlich unser traditionelles Feriencamp statt. &nbsp; Planung f\u00fcr das 25. Feriencamp der Ahorn-Schule &nbsp; Im Zeitraum vom 28.07.2025 bis zum [&hellip;]<\/p>\n","protected":false},"author":1,"featured_media":0,"parent":0,"menu_order":0,"comment_status":"closed","ping_status":"closed","template":"","meta":{"footnotes":""},"class_list":["post-325","page","type-page","status-publish","hentry"],"_links":{"self":[{"href":"https:\/\/ahorn-schule.de\/index.php?rest_route=\/wp\/v2\/pages\/325","targetHints":{"allow":["GET"]}}],"collection":[{"href":"https:\/\/ahorn-schule.de\/index.php?rest_route=\/wp\/v2\/pages"}],"about":[{"href":"https:\/\/ahorn-schule.de\/index.php?rest_route=\/wp\/v2\/types\/page"}],"author":[{"embeddable":true,"href":"https:\/\/ahorn-schule.de\/index.php?rest_route=\/wp\/v2\/users\/1"}],"replies":[{"embeddable":true,"href":"https:\/\/ahorn-schule.de\/index.php?rest_route=%2Fwp%2Fv2%2Fcomments&post=325"}],"version-history":[{"count":21,"href":"https:\/\/ahorn-schule.de\/index.php?rest_route=\/wp\/v2\/pages\/325\/revisions"}],"predecessor-version":[{"id":5880,"href":"https:\/\/ahorn-schule.de\/index.php?rest_route=\/wp\/v2\/pages\/325\/revisions\/5880"}],"wp:attachment":[{"href":"https:\/\/ahorn-schule.de\/index.php?rest_route=%2Fwp%2Fv2%2Fmedia&parent=325"}],"curies":[{"name":"wp","href":"https:\/\/api.w.org\/{rel}","templated":true}]}}