{"id":272,"date":"2017-11-01T22:58:24","date_gmt":"2017-11-01T21:58:24","guid":{"rendered":"http:\/\/ahorn-schule.de\/wp\/?page_id=272"},"modified":"2024-03-14T19:29:15","modified_gmt":"2024-03-14T18:29:15","slug":"schulaufnahme","status":"publish","type":"page","link":"https:\/\/ahorn-schule.de\/?page_id=272","title":{"rendered":"Aufnahme"},"content":{"rendered":"<h2><span style=\"color: #003300; font-family: arial, helvetica, sans-serif;\">Wie kommt mein Kind auf die Ahorn-Schule?<\/span><\/h2>\n<p>&nbsp;<\/p>\n<p><span style=\"font-family: arial, helvetica, sans-serif; font-size: 12pt;\">Sie wohnen im Bezirk Treptow-K\u00f6penick. Im Herbst melden Sie Ihr Kind in der zust\u00e4ndigen Grundschule an. <\/span><br \/>\n<span style=\"font-family: arial, helvetica, sans-serif; font-size: 12pt;\">Alle medizinischen und\/oder therapeutischen Berichte und Befunde legen Sie bei der Anmeldung in der Schule vor, z.B. von Logop\u00e4die, Kinderarzt, SPZ, DBZ Neuk\u00f6lln u.a. <\/span><br \/>\n<span style=\"font-family: arial, helvetica, sans-serif; font-size: 12pt;\">Wenn Ihr Kind schon bei der Einschulungsuntersuchung war, dann bringen Sie auch diesen Nachweis mit oder Sie reichen diesen Nachweis sp\u00e4ter ein. W\u00fcnschen Sie eine Beschulung am F\u00f6rderzentrum &#8222;Ahorn-Schule&#8220; (Sprache), geben Sie diesen Wunsch schon bei der Anmeldung in der Grundschule an. Direkt in der Grundschule stellen Sie einen Antrag auf \u00dcberpr\u00fcfung des sonderp\u00e4dagogischen F\u00f6rderbedarfes &#8222;Sprache&#8220;. <\/span><br \/>\n<span style=\"font-family: arial, helvetica, sans-serif; font-size: 12pt;\">Es folgt ein sonderp\u00e4dagogisches Feststellungsverfahren. Dieses Verfahren f\u00fchrt das SIBUZ durch. Ihr Kind wird von Kolleginnen des SIBUZ \u00fcberpr\u00fcft werden. Nur diese \u00dcberpr\u00fcfung\/Diagnostik kann einen sonderp\u00e4dagogischen F\u00f6rderbedarf &#8222;Sprache&#8220; feststellen. <\/span><br \/>\n<span style=\"font-family: arial, helvetica, sans-serif; font-size: 12pt;\">Das hei\u00dft: <\/span><br \/>\n<span style=\"font-family: arial, helvetica, sans-serif; font-size: 12pt;\">1. Ihren Wunsch &#8222;Ahorn-Schule&#8220; haben Sie ge\u00e4u\u00dfert und den Antrag auf \u00dcberpr\u00fcfung gestellt. <\/span><br \/>\n<span style=\"font-family: arial, helvetica, sans-serif; font-size: 12pt;\">2. \u00dcberpr\u00fcfung durch das SIBUZ erfolgt, <\/span><br \/>\n<span style=\"font-family: arial, helvetica, sans-serif; font-size: 12pt;\">3. Der sonderp\u00e4dagogische F\u00f6rderbedarf &#8222;Sprache&#8220; wurde festgestellt. <\/span><br \/>\n<span style=\"font-family: arial, helvetica, sans-serif; font-size: 12pt;\">4. Eine Aufnahme an unserer Schule kann erfolgen. <\/span><br \/>\n<span style=\"font-family: arial, helvetica, sans-serif; font-size: 12pt;\">Das SIBUZ kooperiert sehr eng mit uns, so dass wir dann bereits \u00fcber Ihren Wunsch informiert sind. Zum Abschlussgespr\u00e4ch f\u00fcr das Feststellungsverfahren werden Sie zu uns in die Schule eingeladen.<\/span><\/p>\n<p style=\"text-align: right;\"><span style=\"font-family: arial, helvetica, sans-serif; font-size: 10pt;\">Textautorin:\u00a0 A.Schulz<\/span><\/p>\n<h5><span style=\"color: #003300; font-family: arial, helvetica, sans-serif; font-size: 12pt;\">Bekommt mein Kind mit dem festgestellten F\u00f6rderbedarf \u201eSprache\u201c auch an der regul\u00e4ren Grundschule Sprachtherapie?<\/span><\/h5>\n<p><span style=\"font-family: arial, helvetica, sans-serif;\">Ja, durch Sonderp\u00e4dagogen an der jeweiligen Grundschule. Die Zuteilung der Stunden zur Sprachf\u00f6rderung und Sprachtherapie durch Kolleginnen der Ahorn-Schule an anderen Schulen variieren im jeweiligen Schuljahr.<\/span><\/p>\n<p>&nbsp;<\/p>\n","protected":false},"excerpt":{"rendered":"<p>Wie kommt mein Kind auf die Ahorn-Schule? &nbsp; Sie wohnen im Bezirk Treptow-K\u00f6penick. Im Herbst melden Sie Ihr Kind in der zust\u00e4ndigen Grundschule an. Alle medizinischen und\/oder therapeutischen Berichte und Befunde legen Sie bei der Anmeldung in der Schule vor, z.B. von Logop\u00e4die, Kinderarzt, SPZ, DBZ Neuk\u00f6lln u.a. Wenn Ihr Kind schon bei der Einschulungsuntersuchung [&hellip;]<\/p>\n","protected":false},"author":1,"featured_media":0,"parent":0,"menu_order":0,"comment_status":"closed","ping_status":"closed","template":"","meta":{"footnotes":""},"class_list":["post-272","page","type-page","status-publish","hentry"],"_links":{"self":[{"href":"https:\/\/ahorn-schule.de\/index.php?rest_route=\/wp\/v2\/pages\/272","targetHints":{"allow":["GET"]}}],"collection":[{"href":"https:\/\/ahorn-schule.de\/index.php?rest_route=\/wp\/v2\/pages"}],"about":[{"href":"https:\/\/ahorn-schule.de\/index.php?rest_route=\/wp\/v2\/types\/page"}],"author":[{"embeddable":true,"href":"https:\/\/ahorn-schule.de\/index.php?rest_route=\/wp\/v2\/users\/1"}],"replies":[{"embeddable":true,"href":"https:\/\/ahorn-schule.de\/index.php?rest_route=%2Fwp%2Fv2%2Fcomments&post=272"}],"version-history":[{"count":8,"href":"https:\/\/ahorn-schule.de\/index.php?rest_route=\/wp\/v2\/pages\/272\/revisions"}],"predecessor-version":[{"id":5698,"href":"https:\/\/ahorn-schule.de\/index.php?rest_route=\/wp\/v2\/pages\/272\/revisions\/5698"}],"wp:attachment":[{"href":"https:\/\/ahorn-schule.de\/index.php?rest_route=%2Fwp%2Fv2%2Fmedia&parent=272"}],"curies":[{"name":"wp","href":"https:\/\/api.w.org\/{rel}","templated":true}]}}