{"id":2312,"date":"2020-03-16T22:06:57","date_gmt":"2020-03-16T21:06:57","guid":{"rendered":"http:\/\/ahorn-schule.de\/?page_id=2312"},"modified":"2024-01-25T19:59:36","modified_gmt":"2024-01-25T18:59:36","slug":"arbeitsmaterialien-zum-download","status":"publish","type":"page","link":"https:\/\/ahorn-schule.de\/?page_id=2312","title":{"rendered":"Arbeitsmaterialien zum Download"},"content":{"rendered":"<p style=\"text-align: center;\"><span style=\"font-family: arial, helvetica, sans-serif;\"><span style=\"color: #000080; font-size: 24pt;\"><span style=\"color: #ff0000;\"><span style=\"text-decoration: underline;\">Arbeitsmaterialien<\/span>\u00a0 <\/span><\/span><span style=\"color: #ff0000; font-size: 18pt;\">zum selbstst\u00e4ndigen Lernen, Forschen und Spielen<\/span><\/span><\/p>\n<p><span style=\"font-family: arial, helvetica, sans-serif;\">Hier kannst du Arbeitsmaterialien herunterladen, ausdrucken und bearbeiten \ud83d\ude42\u00a0 Viel Spa\u00df und Erfolg!<\/span><\/p>\n<p><span style=\"font-family: arial, helvetica, sans-serif;\"><strong><span style=\"font-size: 14pt; color: #008000;\">Toolpool<\/span><\/strong><\/span><\/p>\n<p>&nbsp;<\/p>\n<p><img loading=\"lazy\" decoding=\"async\" class=\"wp-image-5004 alignleft\" style=\"font-family: arial, helvetica, sans-serif;\" src=\"https:\/\/ahorn-schule.de\/wp-content\/uploads\/2024\/01\/Buttin-Timer-300x225.jpg\" alt=\"\" width=\"96\" height=\"72\" srcset=\"https:\/\/ahorn-schule.de\/wp-content\/uploads\/2024\/01\/Buttin-Timer-300x225.jpg 300w, https:\/\/ahorn-schule.de\/wp-content\/uploads\/2024\/01\/Buttin-Timer-1030x773.jpg 1030w, https:\/\/ahorn-schule.de\/wp-content\/uploads\/2024\/01\/Buttin-Timer-80x60.jpg 80w, https:\/\/ahorn-schule.de\/wp-content\/uploads\/2024\/01\/Buttin-Timer-768x576.jpg 768w, https:\/\/ahorn-schule.de\/wp-content\/uploads\/2024\/01\/Buttin-Timer-705x529.jpg 705w, https:\/\/ahorn-schule.de\/wp-content\/uploads\/2024\/01\/Buttin-Timer-450x338.jpg 450w, https:\/\/ahorn-schule.de\/wp-content\/uploads\/2024\/01\/Buttin-Timer.jpg 1255w\" sizes=\"auto, (max-width: 96px) 100vw, 96px\" \/><\/p>\n<p>&nbsp;<\/p>\n<p><span style=\"font-family: arial, helvetica, sans-serif;\">\u00a0 \u00a0 \u00a0 \u00a0 \u00a0 \u00a0 \u00a0 \u00a0 \u00a0 \u00a0 \u00a0 \u00a0 \u00a0 \u00a0 \u00a0 \u00a0<span style=\"color: #0000ff;\"><em><span style=\"font-size: 14pt;\">&#8211;&gt;<\/span><\/em><\/span> \u00a0 <span style=\"color: #0000ff;\"><em><span style=\"font-size: 14pt;\">\u00a0 <a style=\"color: #0000ff;\" href=\"https:\/\/scratch.mit.edu\/projects\/285705133\/fullscreen\/\" target=\"_blank\" rel=\"noopener\">Uhr und Timer &#8211; Hilfe zur Zeiteinteilung<\/a><\/span><\/em><\/span><\/span><br \/>\n<span style=\"font-family: arial, helvetica, sans-serif;\">\u00a0 \u00a0 \u00a0 \u00a0 <\/span><span style=\"font-family: arial, helvetica, sans-serif;\">\u00a0 \u00a0 \u00a0 \u00a0 \u00a0 \u00a0 \u00a0 \u00a0 \u00a0 \u00a0 \u00a0 \u00a0 \u00a0 \u00a0 \u00a0 \u00a0 \u00a0Lernsachenblog.de stellt diesen sprechenden Timer zur Verf\u00fcgung<\/span><\/p>\n<p><span style=\"font-family: arial, helvetica, sans-serif;\"><span style=\"color: #0000ff;\"><em><span style=\"font-size: 14pt;\"><img loading=\"lazy\" decoding=\"async\" class=\"wp-image-5003 alignleft\" src=\"https:\/\/ahorn-schule.de\/wp-content\/uploads\/2024\/01\/Button-Kalenderblatt-300x70.jpg\" alt=\"\" width=\"215\" height=\"50\" srcset=\"https:\/\/ahorn-schule.de\/wp-content\/uploads\/2024\/01\/Button-Kalenderblatt-300x70.jpg 300w, https:\/\/ahorn-schule.de\/wp-content\/uploads\/2024\/01\/Button-Kalenderblatt-80x19.jpg 80w, https:\/\/ahorn-schule.de\/wp-content\/uploads\/2024\/01\/Button-Kalenderblatt-450x105.jpg 450w, https:\/\/ahorn-schule.de\/wp-content\/uploads\/2024\/01\/Button-Kalenderblatt.jpg 571w\" sizes=\"auto, (max-width: 215px) 100vw, 215px\" \/>\u00a0 \u00a0<\/span><\/em><\/span><\/span><span style=\"font-family: arial, helvetica, sans-serif;\"><span style=\"color: #0000ff;\"><em><span style=\"font-size: 14pt;\">&#8211;&gt;\u00a0<span style=\"color: #0000ff;\"> \u00a0\u00a0<a style=\"color: #0000ff;\" href=\"https:\/\/scratch.mit.edu\/projects\/386690193\/fullscreen\/\">Kalender &#8211; Das sprechende Kalenderblatt<\/a><\/span><\/span><\/em><\/span><\/span><br \/>\n<span style=\"font-family: arial, helvetica, sans-serif;\">\u00a0 \u00a0 \u00a0 \u00a0 \u00a0 \u00a0 \u00a0Lernsachenblog.de stellt diesen sprechenden Kalender zur Verf\u00fcgung<br \/>\n<\/span><br \/>\n<span style=\"font-family: arial, helvetica, sans-serif;\"><span style=\"color: #0000ff;\"><em><span style=\"font-size: 14pt;\"><img loading=\"lazy\" decoding=\"async\" class=\"wp-image-5035 alignleft\" src=\"https:\/\/ahorn-schule.de\/wp-content\/uploads\/2024\/01\/Schuettelbox-Ma-300x214.jpg\" alt=\"\" width=\"88\" height=\"63\" srcset=\"https:\/\/ahorn-schule.de\/wp-content\/uploads\/2024\/01\/Schuettelbox-Ma-300x214.jpg 300w, https:\/\/ahorn-schule.de\/wp-content\/uploads\/2024\/01\/Schuettelbox-Ma-80x57.jpg 80w, https:\/\/ahorn-schule.de\/wp-content\/uploads\/2024\/01\/Schuettelbox-Ma-768x548.jpg 768w, https:\/\/ahorn-schule.de\/wp-content\/uploads\/2024\/01\/Schuettelbox-Ma-260x185.jpg 260w, https:\/\/ahorn-schule.de\/wp-content\/uploads\/2024\/01\/Schuettelbox-Ma-705x503.jpg 705w, https:\/\/ahorn-schule.de\/wp-content\/uploads\/2024\/01\/Schuettelbox-Ma-450x321.jpg 450w, https:\/\/ahorn-schule.de\/wp-content\/uploads\/2024\/01\/Schuettelbox-Ma.jpg 836w\" sizes=\"auto, (max-width: 88px) 100vw, 88px\" \/>\u00a0 \u00a0 \u00a0 \u00a0 \u00a0 \u00a0 \u00a0 \u00a0 \u00a0 \u00a0 \u00a0 \u00a0 \u00a0 \u00a0 <\/span><\/em><\/span><\/span><span style=\"font-family: arial, helvetica, sans-serif;\"><span style=\"color: #0000ff;\"><em><span style=\"font-size: 14pt;\">&#8211;&gt;\u00a0 \u00a0\u00a0<a style=\"color: #0000ff;\" href=\"https:\/\/gweax.de\/tools\/schuettelbox\/\">Sch\u00fcttelbox &#8211; Mathetool online<\/a><\/span><\/em><\/span><\/span><br \/>\n<span style=\"font-family: arial, helvetica, sans-serif;\">\u00a0 \u00a0 \u00a0 \u00a0 \u00a0 \u00a0 \u00a0 \u00a0 \u00a0 \u00a0 \u00a0 \u00a0 \u00a0 \u00a0 \u00a0 \u00a0 \u00a0 \u00a0 \u00a0 \u00a0 \u00a0 \u00a0\u00dcben mit der Sch\u00fcttelbox<\/span><\/p>\n<p>&nbsp;<\/p>\n<p>&nbsp;<\/p>\n<p>&nbsp;<\/p>\n<p><span style=\"font-size: 14pt; color: #008000; font-family: arial, helvetica, sans-serif;\">Bewegungs-Challenge der Ah\u00f6rnchen:<\/span><\/p>\n<p><span style=\"font-family: arial, helvetica, sans-serif;\"><img loading=\"lazy\" decoding=\"async\" class=\"wp-image-3584 alignleft\" src=\"https:\/\/ahorn-schule.de\/wp-content\/uploads\/2021\/01\/bild-Video-klik-300x127.jpg\" alt=\"\" width=\"243\" height=\"103\" srcset=\"https:\/\/ahorn-schule.de\/wp-content\/uploads\/2021\/01\/bild-Video-klik-300x127.jpg 300w, https:\/\/ahorn-schule.de\/wp-content\/uploads\/2021\/01\/bild-Video-klik-80x34.jpg 80w, https:\/\/ahorn-schule.de\/wp-content\/uploads\/2021\/01\/bild-Video-klik-768x325.jpg 768w, https:\/\/ahorn-schule.de\/wp-content\/uploads\/2021\/01\/bild-Video-klik-705x299.jpg 705w, https:\/\/ahorn-schule.de\/wp-content\/uploads\/2021\/01\/bild-Video-klik-450x191.jpg 450w, https:\/\/ahorn-schule.de\/wp-content\/uploads\/2021\/01\/bild-Video-klik.jpg 866w\" sizes=\"auto, (max-width: 243px) 100vw, 243px\" \/><span style=\"color: #0000ff;\"><em><span style=\"font-size: 14pt;\">&#8211;&gt;\u00a0 \u00a0 <a style=\"color: #0000ff;\" href=\"http:\/\/https:\/\/www.youtube.com\/watch?v=rTomO3ip7Es\" target=\"_blank\" rel=\"noopener\">klik klak Koordination<\/a><\/span><\/em><\/span><\/span><\/p>\n<p><span style=\"font-family: arial, helvetica, sans-serif;\">Wer ist der Klik-Klak-Profi? Sieh dir das Video und probiere es aus. Wenn du meinst, dass du es toll kannst, mach ein Video (Handy) und lade es den Klik-Klak Channel unserer schul.cloud hoch. Viel Spa\u00df! (15.01.2021)<\/span><\/p>\n<p>&nbsp;<\/p>\n<p><span style=\"font-family: arial, helvetica, sans-serif;\"><img loading=\"lazy\" decoding=\"async\" class=\"wp-image-3688 alignleft\" src=\"https:\/\/ahorn-schule.de\/wp-content\/uploads\/2021\/02\/homeschool-300x174.jpg\" alt=\"\" width=\"241\" height=\"140\" srcset=\"https:\/\/ahorn-schule.de\/wp-content\/uploads\/2021\/02\/homeschool-300x174.jpg 300w, https:\/\/ahorn-schule.de\/wp-content\/uploads\/2021\/02\/homeschool-1030x598.jpg 1030w, https:\/\/ahorn-schule.de\/wp-content\/uploads\/2021\/02\/homeschool-80x46.jpg 80w, https:\/\/ahorn-schule.de\/wp-content\/uploads\/2021\/02\/homeschool-768x446.jpg 768w, https:\/\/ahorn-schule.de\/wp-content\/uploads\/2021\/02\/homeschool-705x409.jpg 705w, https:\/\/ahorn-schule.de\/wp-content\/uploads\/2021\/02\/homeschool-450x261.jpg 450w, https:\/\/ahorn-schule.de\/wp-content\/uploads\/2021\/02\/homeschool.jpg 1148w\" sizes=\"auto, (max-width: 241px) 100vw, 241px\" \/><\/span><\/p>\n<p class=\"title style-scope ytd-video-primary-info-renderer\"><span style=\"font-family: arial, helvetica, sans-serif; font-size: 12pt;\">\u00a0 \u00a0 \u00a0 \u00a0<\/span><\/p>\n<p class=\"title style-scope ytd-video-primary-info-renderer\"><span style=\"color: #0000ff; font-family: arial, helvetica, sans-serif;\"><em><span style=\"font-size: 14pt;\"><a style=\"color: #0000ff;\" href=\"https:\/\/ahorn-schule.de\/wp-content\/uploads\/2021\/02\/Home-Schooling-Sport-5-Minuten-Programm-am-Morgen-RUeCKERT-TV.mp4\" target=\"_blank\" rel=\"noopener\">&#8211;&gt; Home Schooling Sport 5-Minuten-Programm mit Max<\/a><\/span><\/em><\/span><\/p>\n<p class=\"title style-scope ytd-video-primary-info-renderer\"><span style=\"font-family: arial, helvetica, sans-serif; font-size: 12pt;\">5-Minuten-Programm mit Max am Morgen\u00a0<\/span><\/p>\n<p>&nbsp;<\/p>\n<p><span style=\"font-family: arial, helvetica, sans-serif;\"><strong><span style=\"font-size: 14pt; color: #008000;\">Allgemeines\/N\u00fctzliches<\/span><\/strong><\/span><\/p>\n<p><span style=\"font-family: arial, helvetica, sans-serif; font-size: 12pt;\"><span style=\"color: #0000ff;\"><a style=\"color: #0000ff;\" href=\"http:\/\/ahorn-schule.de\/wp-content\/uploads\/2020\/04\/Tipps-gegen-Langeweile.pdf\">Tipps &#8211; gegen Langeweile\u00a0<\/a>\u00a0<\/span> <span style=\"color: #000000;\">\u00a0&#8211;&gt;\u00a0 Kleine Liste zum Abstreichen (26.04.2020)<\/span><\/span><\/p>\n<p><span style=\"font-family: arial, helvetica, sans-serif; font-size: 12pt;\"><span style=\"color: #0000ff;\"><a style=\"color: #0000ff;\" href=\"http:\/\/ahorn-schule.de\/wp-content\/uploads\/2020\/04\/Kinder-Homeoffice.pdf\">Kinder-Homeoffice\u00a0<\/a>\u00a0<\/span><span style=\"color: #000000;\"> &#8211;&gt;\u00a0 \u00a0Kleine Tipps zum Lernen zu Hause, die dir auch f\u00fcr die weiteren Hausaufgaben n\u00fctzen k\u00f6nnen. (26.04.2020)<\/span><\/span><\/p>\n<p>&nbsp;<\/p>\n<p><span style=\"font-family: arial, helvetica, sans-serif;\"><strong><span style=\"font-size: 14pt; color: #008000;\">Mathematik<\/span><\/strong><\/span><\/p>\n<p><span style=\"font-family: arial, helvetica, sans-serif; font-size: 12pt; color: #0000ff;\"><a style=\"color: #0000ff;\" href=\"https:\/\/pikas.dzlm.de\/pikasfiles\/uploads\/upload\/Material\/Haus_1_-_Entdecken_Beschreiben_Begruenden\/IM\/Elterninfos\/mathe_lernen_zuhause.pdf\">Mathe lernen zu Hause &#8211; Elterntipps, Links und Material\u00a0<\/a>\u00a0 <span style=\"color: #000000;\">&#8211;&gt; Elternbrief f\u00fcr Mathelernen zu Hause\u00a0 \u00a0 \u00a0<\/span><\/span><\/p>\n<p><span style=\"font-family: arial, helvetica, sans-serif; font-size: 12pt;\"><span style=\"color: #0000ff;\"><a style=\"color: #0000ff;\" href=\"https:\/\/www.lernduschen.de\/\">1&#215;1 Lernduschen<\/a>\u00a0<\/span> \u00a0<span style=\"color: #000000;\">&#8211;&gt; Audio-Lernkurs zum Erlernen des Einmaleins\u00a0 <\/span><\/span><\/p>\n<p><span style=\"font-family: arial, helvetica, sans-serif; font-size: 12pt;\"><span style=\"color: #0000ff;\"><a style=\"color: #0000ff;\" href=\"http:\/\/ahorn-schule.de\/wp-content\/uploads\/2020\/04\/KleinesEinmaleins.pdf\">Kleines Einmaleins<\/a>\u00a0<\/span> <span style=\"color: #000000;\">&#8211;&gt;\u00a0 \u00a0Kleines \u00dcbungsblatt zum Einmaleins <\/span><\/span><\/p>\n<p>&nbsp;<\/p>\n<p><span style=\"color: #008000; font-family: arial, helvetica, sans-serif;\"><strong><span style=\"font-size: 14pt;\">Sport<\/span><\/strong><\/span><\/p>\n<p><span style=\"font-family: arial, helvetica, sans-serif;\"><span style=\"color: #0000ff;\"><em><span style=\"font-size: 12pt;\"><a style=\"color: #0000ff;\" href=\"https:\/\/padlet.com\/hbumke\/6qlsi8h5x6sjcrsr\"><strong>Sportplan f\u00fcr die Kinder der 1. und 2. Klassen<\/strong><\/a>.<\/span><\/em><\/span> <span style=\"color: #000000;\">&#8211;&gt; Diesen t\u00e4glichen Bewegungsplan k\u00f6nnt ihr immer wieder durchf\u00fchren. Auch die \u00e4lteren Kinder k\u00f6nnen gern diesen Plan durchf\u00fchren. Viel Spa\u00df!<\/span><\/span><\/p>\n<p><span style=\"font-family: arial, helvetica, sans-serif; font-size: 12pt;\"><span style=\"color: #0000ff;\"><a style=\"color: #0000ff;\" href=\"http:\/\/ahorn-schule.de\/wp-content\/uploads\/2020\/03\/Sport-Bewegungstagebuch.pdf\">Sport-Bewegungstagebuch<\/a><\/span><span style=\"color: #0000ff;\">\u00a0<\/span><span style=\"color: #000000;\"> &#8211;&gt; das Bewegungstagebuch (zum Ausdrucken) hilft dir kleine Bewegungspausen zu planen und fit zu bleiben. Tipps dazu und f\u00fcr deine Bewegungszeit findest du unter:<\/span><\/span><\/p>\n<p><span style=\"font-family: arial, helvetica, sans-serif; font-size: 12pt; color: #0000ff;\"><a style=\"color: #0000ff;\" href=\"https:\/\/www.youtube.com\/albaberlin\">AlbaBerlin &#8211; ALBAs t\u00e4gliche Sportstunde <\/a>\u00a0<span style=\"color: #000000;\"> &#8211;&gt; Videostunde zum Mitmachen\u00a0 \u00a0 \u00a0 \u00a0<\/span><\/span><\/p>\n<p><span style=\"font-family: arial, helvetica, sans-serif;\"><span style=\"color: #0000ff; font-size: 12pt;\"><a style=\"color: #0000ff;\" href=\"https:\/\/www.youtube.com\/playlist?list=PLoehDoxD2eboVLpoNv-_BPPJVnHPWwCnP&amp;fbclid=IwAR2_8IwKaJQfk5Z1jokuEQIj6qRYfr2fXh-zoc2Nzqano-vwzKB_vBRoQr8&amp;app=desktop\">Training<\/a><a style=\"color: #0000ff;\" href=\"https:\/\/www.youtube.com\/playlist?list=PLoehDoxD2eboVLpoNv-_BPPJVnHPWwCnP&amp;fbclid=IwAR2_8IwKaJQfk5Z1jokuEQIj6qRYfr2fXh-zoc2Nzqano-vwzKB_vBRoQr8&amp;app=desktop\"> at Home &#8211; Videotipps von frag Sep<\/a> <\/span><span style=\"font-size: 12pt;\"><span style=\"color: #0000ff;\"><span style=\"font-size: 12pt;\">\u00a0<\/span><span style=\"color: #000000;\"> &#8211;&gt; Montag bis Freitag Sport-Challenge \u00a0\u00a0\u00a0\u00a0<\/span><\/span><\/span><\/span><\/p>\n<p><span style=\"font-family: arial, helvetica, sans-serif; font-size: 12pt;\"><span style=\"color: #0000ff;\"><a style=\"color: #0000ff;\" href=\"https:\/\/www.sport-attack.at\/spiele-fuer-zu-hause\/?fbclid=IwAR3kgTb5GNPe_Cyl00Pvm7WHD4kQlsKEBWuKWzj8lC2hWTBTxWKtean9hMY\">www.sport-attack.at<\/a>\u00a0<\/span> \u00a0<span style=\"color: #000000;\"> &#8211;&gt; Spiele f\u00fcr zu Hause<\/span><\/span><\/p>\n<p><span style=\"font-family: arial, helvetica, sans-serif; font-size: 12pt;\"><span style=\"color: #0000ff;\"><a style=\"color: #0000ff;\" href=\"http:\/\/ahorn-schule.de\/wp-content\/uploads\/2020\/03\/Lesen-mit-Bewegung.pdf\">Lesen mit Bewegung<\/a><\/span>\u00a0 <span style=\"color: #000000;\">&#8211;&gt; Spielplan (zum Ausdrucken) Rechnen, Lesen und Bewegen<\/span><\/span><\/p>\n<p>&nbsp;<\/p>\n<p><span style=\"color: #008000; font-family: arial, helvetica, sans-serif;\"><strong><span style=\"font-size: 14pt;\">Kunstangebot f\u00fcr zu Hause<\/span><\/strong><\/span><\/p>\n<p><span style=\"font-family: arial, helvetica, sans-serif; font-size: 12pt; color: #0000ff;\"><a style=\"color: #0000ff;\" href=\"http:\/\/ahorn-schule.de\/wp-content\/uploads\/2020\/04\/Setzkasten.pdf\">Setzkasten der sch\u00f6nen Dinge und Gedanken\u00a0<\/a>\u00a0 \u00a0&#8211;&gt;\u00a0 <span style=\"color: #000000;\">\u00a0 diese<\/span> <span style=\"font-size: 12pt;\"><span style=\"color: #000000;\">Aufgabe kannst du auch als Entspannungs\u00fcbung durchf\u00fchren. Schau dir das Dokument an Du kannst es ausdrucken oder selbst eine Vorlage f\u00fcr dich gestalten. Wir freuen uns, wenn du deine Arbeit in der Schule ausstellst. <span style=\"font-size: 12pt;\">(28.04.2020)<\/span><\/span><\/span><\/span><\/p>\n<p><span style=\"font-family: arial, helvetica, sans-serif; font-size: 12pt;\"><span style=\"color: #0000ff;\"><a style=\"color: #0000ff;\" href=\"http:\/\/ahorn-schule.de\/wp-content\/uploads\/2020\/04\/Kleine-Finger\u00fcbungZeichnen.pdf\">Kleine Finger\u00fcbung &#8211; Zeichnen<\/a>\u00a0<\/span> <span style=\"color: #000000;\">&#8211;&gt; kleinen \u00dcbungen zum Zeichnen und Malen. Wir freuen uns schon auf deine Arbeiten \ud83d\ude42<\/span><\/span><\/p>\n<p>&nbsp;<\/p>\n<p>&nbsp;<\/p>\n<p><span style=\"color: #008000; font-family: arial, helvetica, sans-serif;\"><strong><span style=\"font-size: 14pt;\">Deutsch \/ Mit Sprache spielen<\/span><\/strong><\/span><\/p>\n<p><span style=\"font-family: arial, helvetica, sans-serif;\"><span style=\"font-size: 12pt; color: #0000ff;\"><a style=\"color: #0000ff;\" href=\"http:\/\/ahorn-schule.de\/wp-content\/uploads\/2020\/03\/Au-Woerter-und-Konzentration.pdf\">Konzentration mit AU<\/a><\/span><span style=\"color: #008000;\">\u00a0<\/span> <span style=\"color: #000000;\">&#8211;&gt; Schau genau und finde das AU <span style=\"font-size: 12pt;\"> (Arbeitsblatt zum Ausdrucken)<\/span><\/span><\/span><\/p>\n<p><span style=\"font-family: arial, helvetica, sans-serif; font-size: 12pt;\"><a href=\"https:\/\/read.bookcreator.com\/jCfpkwnWlzT1wfRyzclWN59JjQ871lTeF0IuDR8cxXI\/AJ7Zp-edT6alNNjgHcvVHw?fbclid=IwAR3e2aUkc2MbcsMFdjTj7_rWcSiAXFsmklUudrm0gZ511KYlov2Ep-RGINY\">Onlinebuch<\/a>\u00a0 &#8211;&gt; Die Tage an denen alles still stand<\/span><\/p>\n<p><span style=\"font-family: arial, helvetica, sans-serif;\"><a href=\"https:\/\/lesejule.de\/Laute.html\">Lesejule<\/a> &#8211;&gt; kostenloses Lernmaterial zum Lesen und Schreiben lernen<\/span><\/p>\n<p>&nbsp;<\/p>\n<p><span style=\"color: #008000; font-family: arial, helvetica, sans-serif;\"><strong><span style=\"font-size: 14pt;\">Sachunterricht<\/span><\/strong><\/span><\/p>\n<p><span style=\"font-family: arial, helvetica, sans-serif; font-size: 12pt;\"><span style=\"color: #0000ff;\"><a style=\"color: #0000ff;\" href=\"http:\/\/ahorn-schule.de\/wp-content\/uploads\/2020\/04\/Arbeitsheft_zu_Ernaehrung.pdf\">Arbeitsheft zu Ern\u00e4hrung<\/a>\u00a0<\/span><span style=\"color: #000000;\"> \u00a0&#8211;&gt;\u00a0 Was wei\u00dft du \u00fcber die unsere Ern\u00e4hrung? Das kannst du hier ausprobieren. (14.12.2020)<\/span><\/span><\/p>\n<p><span style=\"font-family: arial, helvetica, sans-serif;\"><span style=\"font-size: 12pt;\"><span style=\"color: #0000ff;\"><a style=\"color: #0000ff;\" href=\"https:\/\/forscherfreunde.de\/forscherblog-experimente-zum-nachmachen\/\">Forscherfreunde.de<\/a>\u00a0<\/span><span style=\"color: #000000;\"> &#8211;&gt; einfache Experimente zum Nachmachen mit Experimentier- und Videoanleitung. <\/span><\/span><span style=\"font-size: 12pt; color: #000000;\">So kannst du auch zu Hause die Grundlagen zum Forschen und Experimentieren ausprobieren. Bleib neugierig.\u00a0 <span style=\"font-size: 12pt;\"> (14.12.2020)<\/span><\/span><\/span><\/p>\n<p><span style=\"font-family: arial, helvetica, sans-serif; font-size: 12pt;\"><a href=\"https:\/\/www.wdrmaus.de\/?fbclid=IwAR0DztxEBRUDxyAV5JFklyPkurJ9D_CYUP1YJoMatkden6Nga4IylcH2bOg\">Seite mit der Maus\u00a0<\/a> &#8211;&gt; Lernen und Forschen f\u00fcr Neugierige<\/span><\/p>\n<p><span style=\"font-family: arial, helvetica, sans-serif; font-size: 12pt;\"><a href=\"https:\/\/www.grundschule-herten-mitte.de\/images\/kunde\/forum\/was-ist-was-viren-broschuere.pdf?fbclid=IwAR0mR50xWG6WTs5XCAorpuRsZ4OTaXHso73uCTYWzYPzlhnRUDyyuIfJIVU\">Was ist was\u00a0<\/a> \u00a0&#8211;&gt; den Viren auf der Spur<\/span><\/p>\n<p>&nbsp;<\/p>\n<p><span style=\"color: #008000; font-family: arial, helvetica, sans-serif;\"><strong><span style=\"font-size: 14pt;\">Musikangebot f\u00fcr zu Hause<\/span><\/strong><\/span><\/p>\n<p><span style=\"font-family: arial, helvetica, sans-serif; font-size: 12pt; color: #000000;\">Eine Musikwerkstatt\u00a0 <a style=\"color: #000000;\" href=\"https:\/\/read.bookcreator.com\/Pnf2tek2dHY7KCTLMwViYppAQxl1\/FyGfWFZDQMO2ZVqQL1vtVA\"><span style=\"color: #0000ff;\">&#8222;Drachenkl\u00e4n<\/span>ge&#8220;<\/a>\u00a0 zum Lauschen, Staunen und Musizieren.\u00a0 (14.12.2020)<\/span><\/p>\n<p><span style=\"font-family: arial, helvetica, sans-serif; font-size: 12pt;\"><span style=\"color: #000000;\">Eine Musikwerkstatt <span style=\"color: #0000ff;\">&#8222;<\/span><\/span><span style=\"color: #0000ff;\"><a style=\"color: #0000ff;\" href=\"https:\/\/read.bookcreator.com\/Pnf2tek2dHY7KCTLMwViYppAQxl1\/R6Rmm4j3TayxFBiOLI5-NQ\"> Gr\u00fcn, Gr\u00fcn, Gr\u00fcn&#8220;\u00a0<\/a><\/span> <span style=\"color: #000000;\">zum Singen, Klatschen, H\u00f6ren und Malen<\/span>\u00a0<span style=\"color: #000000;\">f\u00fcr Kinder einer ersten Klasse erstellt, die auch \u00e4lteren Kindern Spa\u00df macht\u00a0 (14.12.2020)<\/span><\/span><\/p>\n<p><span style=\"font-family: arial, helvetica, sans-serif;\">Digitales Klassenzimmer der Deutschen Staatsphilosophie Rheinland-Pfalz &#8211;&gt;<span style=\"color: #0000ff;\">\u00a0<a style=\"color: #0000ff;\" href=\"https:\/\/junge-klassik.de\/de\/junge-klassik-home\/\"> \u00a0Junge Klassik<\/a><\/span><\/span><\/p>\n<p><span style=\"font-family: arial, helvetica, sans-serif;\"><span style=\"font-size: 12pt;\"><span style=\"color: #0000ff;\"><a style=\"color: #0000ff;\" href=\"https:\/\/www.hr-sinfonieorchester.de\/education\/multimedia-pool\/klassikhits-mit-juri\/index.html?fbclid=IwAR3IXesA7D3EX8YmL8iOj40EzloMs7fzQBv9IvPRD6zqiSygezJDL9AzspY\">Klassikhit mit Juri <\/a>\u00a0<\/span> &#8211;&gt;<\/span> interaktives Education-Video-Format des hr-Sinfonieorchesters mit dem bekannten KIKA-Moderator Juri Tetzlaff.<\/span><\/p>\n<p>&nbsp;<\/p>\n<p><span style=\"color: #008000; font-family: arial, helvetica, sans-serif;\"><span style=\"font-size: 18.6667px;\"><strong>Zeitlich begrenzte Materialien f\u00fcr die Heim-Lernzeit<\/strong><\/span><\/span><\/p>\n<p><span style=\"font-family: arial, helvetica, sans-serif;\"><a style=\"color: #0000ff;\" href=\"https:\/\/shop.labbe.de\/catalogsearch\/result\/?q=Gratis&amp;fbclid=IwAR1XkfwXzoebCjIFdzo7E1gzKK5UfgyA861YfcIMY41hvJsUH2v6IHz3zbc\">Minib\u00fccher Verlag Labbe\u00a0 <\/a>\u00a0 \u00a0<span style=\"color: #000000;\"> &#8211;&gt; Basteleien und Minib\u00fccher verschiedener Themen f\u00fcr kleine Lerneinheiten (14.12.2020)<\/span><\/span><\/p>\n","protected":false},"excerpt":{"rendered":"<p>Arbeitsmaterialien\u00a0 zum selbstst\u00e4ndigen Lernen, Forschen und Spielen Hier kannst du Arbeitsmaterialien herunterladen, ausdrucken und bearbeiten \ud83d\ude42\u00a0 Viel Spa\u00df und Erfolg! Toolpool &nbsp; &nbsp; \u00a0 \u00a0 \u00a0 \u00a0 \u00a0 \u00a0 \u00a0 \u00a0 \u00a0 \u00a0 \u00a0 \u00a0 \u00a0 \u00a0 \u00a0 \u00a0&#8211;&gt; \u00a0 \u00a0 Uhr und Timer &#8211; Hilfe zur Zeiteinteilung \u00a0 \u00a0 \u00a0 \u00a0 \u00a0 \u00a0 \u00a0 [&hellip;]<\/p>\n","protected":false},"author":1,"featured_media":0,"parent":0,"menu_order":0,"comment_status":"closed","ping_status":"closed","template":"","meta":{"footnotes":""},"class_list":["post-2312","page","type-page","status-publish","hentry"],"_links":{"self":[{"href":"https:\/\/ahorn-schule.de\/index.php?rest_route=\/wp\/v2\/pages\/2312","targetHints":{"allow":["GET"]}}],"collection":[{"href":"https:\/\/ahorn-schule.de\/index.php?rest_route=\/wp\/v2\/pages"}],"about":[{"href":"https:\/\/ahorn-schule.de\/index.php?rest_route=\/wp\/v2\/types\/page"}],"author":[{"embeddable":true,"href":"https:\/\/ahorn-schule.de\/index.php?rest_route=\/wp\/v2\/users\/1"}],"replies":[{"embeddable":true,"href":"https:\/\/ahorn-schule.de\/index.php?rest_route=%2Fwp%2Fv2%2Fcomments&post=2312"}],"version-history":[{"count":83,"href":"https:\/\/ahorn-schule.de\/index.php?rest_route=\/wp\/v2\/pages\/2312\/revisions"}],"predecessor-version":[{"id":5034,"href":"https:\/\/ahorn-schule.de\/index.php?rest_route=\/wp\/v2\/pages\/2312\/revisions\/5034"}],"wp:attachment":[{"href":"https:\/\/ahorn-schule.de\/index.php?rest_route=%2Fwp%2Fv2%2Fmedia&parent=2312"}],"curies":[{"name":"wp","href":"https:\/\/api.w.org\/{rel}","templated":true}]}}