{"id":2226,"date":"2020-10-13T12:36:00","date_gmt":"2020-10-13T10:36:00","guid":{"rendered":"http:\/\/ahorn-schule.de\/?page_id=2226"},"modified":"2025-08-11T10:44:15","modified_gmt":"2025-08-11T08:44:15","slug":"geschichte-der-ahorn-schule","status":"publish","type":"page","link":"https:\/\/ahorn-schule.de\/?page_id=2226","title":{"rendered":"Geschichte der Ahorn-Schule"},"content":{"rendered":"<p>&nbsp;<\/p>\n<p style=\"text-align: center;\"><span style=\"font-family: arial, helvetica, sans-serif;\"><strong><em><span style=\"text-decoration: underline;\"><span style=\"font-size: 14pt; color: #008000; text-decoration: underline;\">Geschichtliches von der Ahorn-Schule<\/span><\/span><\/em><\/strong><\/span><\/p>\n<p>&nbsp;<\/p>\n<p><span style=\"font-family: arial, helvetica, sans-serif;\">Im Osten des Stadtbezirks K\u00f6penick, am M\u00fcggelsee gelegen, befindet sich der besonders sch\u00f6ne Ortsteil Friedrichshagen mit der Ahorn-Schule.<\/span><\/p>\n<p><span style=\"font-family: arial, helvetica, sans-serif;\">Die Ahorn-Schule ist ein F\u00f6rderzentrum und Grundschule mit F\u00f6rderschwerpunkt &#8222;Sprache&#8220;. Die interessante Geschichte der Ahorn-Schule im Bezirk Treptow-K\u00f6penick l\u00e4sst sich bis auf den Beginn der 1950er Jahre zur\u00fcckverfolgen.<\/span><\/p>\n<p><span style=\"font-family: arial, helvetica, sans-serif;\">Damals gab es zwei Sprachklassen, die gemeinsam mit Klassen der \u201eHilfsschule\u201c in Alt-K\u00f6penick hinter dem Geb\u00e4ude des heutigen Heimatmuseums bestanden. Diese Klassen wurden von einem leitenden Lehrer verwaltet und unterrichtet.<\/span><\/p>\n<p><span style=\"font-family: arial, helvetica, sans-serif;\">Im Jahr 1952 zogen diese Klassen in ein Geb\u00e4ude in Alt-K\u00f6penick. Ein erster Schulleiter kam ins Amt: Herr Dr. Maurer. Mit der Zeit wurden mehr Klassen eingerichtet, bis aus Platzgr\u00fcnden ein Umzug in die Pl\u00f6nzeile nach Sch\u00f6neweide anstand.<\/span><\/p>\n<p><span style=\"font-family: arial, helvetica, sans-serif;\">In den folgenden Jahren zog die Sprachheilschule in die Nalepastra\u00dfe, sp\u00e4ter in die A\u00dfmannstra\u00dfe nach Friedrichshagen. Das heutige Geb\u00e4ude in der Peter-Hille-Stra\u00dfe 118 wird durch die Ahorn- Schule seit 1991 genutzt. F\u00fcr einige Jahre nutzte unsere Schule das Geb\u00e4ude in der Stillerzeile in Hirschgarten als Filiale.<\/span><\/p>\n<p><span style=\"font-family: arial, helvetica, sans-serif;\">Die Ahorn-Schule blickt also auf eine \u00fcber 70 j\u00e4hrige Geschichte zur\u00fcck. Der eigentliche Auftrag hat sich in der langen Zeit kaum ge\u00e4ndert: Die Therapie und F\u00f6rderung von Kindern mit sprachlichen Entwicklungsverz\u00f6gerungen, Lautbildungsfehlern, Redeflussst\u00f6rungen und dysgrammatischen Besonderheiten sind Hauptaufgaben unserer Schule.<\/span><\/p>\n<p><span style=\"font-family: arial, helvetica, sans-serif;\">Hinzugekommen sind in den letzten Jahren die therapeutische Unterst\u00fctzung und Beratung bei Sch\u00fcler und Sch\u00fclerinnen mit dem \u201eF\u00f6rderschwerpunkt Sprache\u201c und Autismusspektrumst\u00f6rung (ASS) an Grundschulen. Im Rahmen der Integration spezialisieren sich die Mitarbeitenden im Umgang mit Kindern im Autismusspektrum.<\/span><\/p>\n<p>&nbsp;<\/p>\n<p>&nbsp;<\/p>\n<p>&nbsp;<\/p>\n","protected":false},"excerpt":{"rendered":"<p>&nbsp; Geschichtliches von der Ahorn-Schule &nbsp; Im Osten des Stadtbezirks K\u00f6penick, am M\u00fcggelsee gelegen, befindet sich der besonders sch\u00f6ne Ortsteil Friedrichshagen mit der Ahorn-Schule. Die Ahorn-Schule ist ein F\u00f6rderzentrum und Grundschule mit F\u00f6rderschwerpunkt &#8222;Sprache&#8220;. Die interessante Geschichte der Ahorn-Schule im Bezirk Treptow-K\u00f6penick l\u00e4sst sich bis auf den Beginn der 1950er Jahre zur\u00fcckverfolgen. Damals gab es [&hellip;]<\/p>\n","protected":false},"author":1,"featured_media":0,"parent":0,"menu_order":0,"comment_status":"closed","ping_status":"closed","template":"","meta":{"footnotes":""},"class_list":["post-2226","page","type-page","status-publish","hentry"],"_links":{"self":[{"href":"https:\/\/ahorn-schule.de\/index.php?rest_route=\/wp\/v2\/pages\/2226","targetHints":{"allow":["GET"]}}],"collection":[{"href":"https:\/\/ahorn-schule.de\/index.php?rest_route=\/wp\/v2\/pages"}],"about":[{"href":"https:\/\/ahorn-schule.de\/index.php?rest_route=\/wp\/v2\/types\/page"}],"author":[{"embeddable":true,"href":"https:\/\/ahorn-schule.de\/index.php?rest_route=\/wp\/v2\/users\/1"}],"replies":[{"embeddable":true,"href":"https:\/\/ahorn-schule.de\/index.php?rest_route=%2Fwp%2Fv2%2Fcomments&post=2226"}],"version-history":[{"count":9,"href":"https:\/\/ahorn-schule.de\/index.php?rest_route=\/wp\/v2\/pages\/2226\/revisions"}],"predecessor-version":[{"id":6014,"href":"https:\/\/ahorn-schule.de\/index.php?rest_route=\/wp\/v2\/pages\/2226\/revisions\/6014"}],"wp:attachment":[{"href":"https:\/\/ahorn-schule.de\/index.php?rest_route=%2Fwp%2Fv2%2Fmedia&parent=2226"}],"curies":[{"name":"wp","href":"https:\/\/api.w.org\/{rel}","templated":true}]}}