{"id":208,"date":"2017-10-29T22:19:44","date_gmt":"2017-10-29T21:19:44","guid":{"rendered":"http:\/\/ahorn-schule.de\/wp\/?page_id=208"},"modified":"2024-03-01T22:06:29","modified_gmt":"2024-03-01T21:06:29","slug":"foerderverein-der-ahorn-schule-e-v","status":"publish","type":"page","link":"https:\/\/ahorn-schule.de\/?page_id=208","title":{"rendered":"F\u00f6rderverein der Ahorn-Schule e.V."},"content":{"rendered":"<p><span style=\"font-family: arial, helvetica, sans-serif;\"><img loading=\"lazy\" decoding=\"async\" class=\"size-full wp-image-458\" src=\"http:\/\/ahorn-schule.de\/wp-content\/uploads\/2017\/10\/SliderFoerdervereinAhorn1.jpg\" alt=\"\" width=\"2796\" height=\"341\" srcset=\"https:\/\/ahorn-schule.de\/wp-content\/uploads\/2017\/10\/SliderFoerdervereinAhorn1.jpg 2796w, https:\/\/ahorn-schule.de\/wp-content\/uploads\/2017\/10\/SliderFoerdervereinAhorn1-300x37.jpg 300w, https:\/\/ahorn-schule.de\/wp-content\/uploads\/2017\/10\/SliderFoerdervereinAhorn1-768x94.jpg 768w, https:\/\/ahorn-schule.de\/wp-content\/uploads\/2017\/10\/SliderFoerdervereinAhorn1-1030x126.jpg 1030w, https:\/\/ahorn-schule.de\/wp-content\/uploads\/2017\/10\/SliderFoerdervereinAhorn1-1500x183.jpg 1500w, https:\/\/ahorn-schule.de\/wp-content\/uploads\/2017\/10\/SliderFoerdervereinAhorn1-705x86.jpg 705w, https:\/\/ahorn-schule.de\/wp-content\/uploads\/2017\/10\/SliderFoerdervereinAhorn1-450x55.jpg 450w\" sizes=\"auto, (max-width: 2796px) 100vw, 2796px\" \/><\/span><\/p>\n<p><span style=\"font-family: arial,helvetica,sans-serif; font-size: 14pt;\"><strong>Vor vielen Jahren wurde der F\u00f6rderverein \u00a0der Ahorn-Schule e.V. gegr\u00fcndet. Dieser Verein ist ein\u00a0 Zusammenschluss aktiver Eltern, Mitarbeiter und Freunde der Ahorn-Schule. <\/strong><strong>Sie haben sich die Aufgabe gestellt die Ahornschule, ein F\u00f6rderzentrum mit dem F\u00f6rderschwerpunkt \u201eSprache\u201c bei ihren vielen Projekten und Vorhaben zur Verbesserung des Unterrichts, der Sprachtherapie und der Lernumgebung zu unterst\u00fctzen.<\/strong><\/span><\/p>\n<p style=\"text-align: center;\"><span style=\"font-family: arial, helvetica, sans-serif;\"><img loading=\"lazy\" decoding=\"async\" class=\"alignnone wp-image-3788\" src=\"https:\/\/ahorn-schule.de\/wp-content\/uploads\/2021\/06\/Ahorn-bunt2-bear-300x232.jpg\" alt=\"\" width=\"156\" height=\"121\" srcset=\"https:\/\/ahorn-schule.de\/wp-content\/uploads\/2021\/06\/Ahorn-bunt2-bear-300x232.jpg 300w, https:\/\/ahorn-schule.de\/wp-content\/uploads\/2021\/06\/Ahorn-bunt2-bear-1030x795.jpg 1030w, https:\/\/ahorn-schule.de\/wp-content\/uploads\/2021\/06\/Ahorn-bunt2-bear-80x62.jpg 80w, https:\/\/ahorn-schule.de\/wp-content\/uploads\/2021\/06\/Ahorn-bunt2-bear-768x593.jpg 768w, https:\/\/ahorn-schule.de\/wp-content\/uploads\/2021\/06\/Ahorn-bunt2-bear-1536x1186.jpg 1536w, https:\/\/ahorn-schule.de\/wp-content\/uploads\/2021\/06\/Ahorn-bunt2-bear-2048x1582.jpg 2048w, https:\/\/ahorn-schule.de\/wp-content\/uploads\/2021\/06\/Ahorn-bunt2-bear-1500x1158.jpg 1500w, https:\/\/ahorn-schule.de\/wp-content\/uploads\/2021\/06\/Ahorn-bunt2-bear-705x544.jpg 705w, https:\/\/ahorn-schule.de\/wp-content\/uploads\/2021\/06\/Ahorn-bunt2-bear-450x348.jpg 450w\" sizes=\"auto, (max-width: 156px) 100vw, 156px\" \/><\/span><\/p>\n<p><span style=\"font-family: arial,helvetica,sans-serif; font-size: 14pt;\">Die Vereinsmitglieder arbeiten alle ehrenamtlich mit. Besonders bem\u00fchen sie sich um materielle und finanzielle Unterst\u00fctzung , damit alle Sch\u00fcler und Sch\u00fclerinnen mit viel Freude und wenig Einschr\u00e4nkungen gern lernen und spielen k\u00f6nnen. So helfen sie mit bei traditionellen H\u00f6hepunkten und Festen. Sie unterst\u00fctzen besondere Unternehmungen, wie Sch\u00fclerfahrten, Exkursionen, Theaterbesuche\u00a0 und Begegnungen an au\u00dferschulischen Lernorten.<\/span><\/p>\n<p><span style=\"font-family: arial,helvetica,sans-serif;\"><span style=\"font-size: 14pt;\">Der F\u00f6rderverein der Ahorn-Schule e.V. hilft\u00a0 mit den eingenommenen Geldern, Beitr\u00e4gen und Spenden der Mitglieder, Freunde, F\u00f6rderer und Sponsoren bei der Verwirklichung eines vielgestaltigen Schullebens. \u00a0Besonders bei Anschaffungen und Aktionen, die die Schule selbst nicht leisten kann, ist jedes engagierte Mitwirken gern willkommen. Wir finanzieren uns ausschlie\u00dflich aus den Mitgliedsbeitr\u00e4gen und Spenden. Der F\u00f6rderverein der Ahorn-Schule e.V. ist steuerlich als gemeinn\u00fctzig anerkannt.<\/span><br \/>\n<\/span><\/p>\n<p>&nbsp;<\/p>\n<address><span style=\"font-family: arial,helvetica,sans-serif; font-size: 14pt;\"><strong>Hier einige Beispiele:<\/strong><\/span><\/address>\n<ul>\n<li><span style=\"font-family: arial,helvetica,sans-serif; font-size: 12pt;\">Unterst\u00fctzung bei Projekten, Schulfesten und Wettbewerben (Lesewettbewerb, Matheolympiade, Sportfest, &#8230; )<\/span><\/li>\n<li><span style=\"font-family: arial,helvetica,sans-serif; font-size: 12pt;\">F\u00f6rderung durch finanzielle Zuwendung bei der Durchf\u00fchrung und Umsetzung kultureller Projekte<\/span><\/li>\n<li><span style=\"font-family: arial,helvetica,sans-serif; font-size: 12pt;\">f\u00fcllen der Spieltonnen f\u00fcr die Bewegungspausen mit Sport- und Spielger\u00e4ten<\/span><\/li>\n<li><span style=\"font-family: arial,helvetica,sans-serif; font-size: 12pt;\">Spielzeug und vieles mehr f\u00fcr den Freizeitbereich, den Schulhof, unterrichtsunterst\u00fctzende Materialien, &#8230;<\/span><\/li>\n<li><span style=\"font-family: arial,helvetica,sans-serif; font-size: 12pt;\">Unterst\u00fctzung von AG`s und dem offenen Ganztagsbetrieb bei ihren Angeboten<\/span><\/li>\n<li><span style=\"font-size: 12pt; font-family: arial,helvetica,sans-serif;\">Technische Ger\u00e4te und andere Arbeitsmittel verschlei\u00dfen schon mal, da muss auch mal was Neues her \u2013 werden wir gebeten zu \u00a0unterst\u00fctzten \u2026 wir tun es \u2026 solange das Geld reicht \u2026<\/span><\/li>\n<\/ul>\n<p>&nbsp;<\/p>\n<p><span style=\"font-family: arial,helvetica,sans-serif; font-size: 14pt;\">\u00dcber jede Hilfe und Unterst\u00fctzung freuen wir uns. Machen Sie mit und \u00a0unterst\u00fctzen sie uns weiterhin, werden Sie Mitglied oder unser Sponsor \u2013 einmalig, mehrmalig oder immer \u2013<\/span><\/p>\n<p>&nbsp;<\/p>\n<p>&nbsp;<\/p>\n<p><strong><span style=\"font-family: arial, helvetica, sans-serif; font-size: 12pt;\">Informationen &#8211; Download:\u00a0<\/span><\/strong><\/p>\n<p><span style=\"font-family: arial, helvetica, sans-serif; font-size: 12pt;\"><a href=\"https:\/\/ahorn-schule.de\/wp-content\/uploads\/2023\/10\/SatzungFOeV2021_0001_NEW.pdf\">~ Satzung des F\u00f6rdervereins<\/a><\/span><\/p>\n<p><a href=\"https:\/\/ahorn-schule.de\/wp-content\/uploads\/2024\/03\/Flyer-Foerderverein-der-Ahorn-maerz2024neu.pdf\"><span style=\"font-family: arial, helvetica, sans-serif; font-size: 12pt;\">~ Flyer des F\u00f6rdervereins<\/span><\/a><\/p>\n<p><a href=\"https:\/\/ahorn-schule.de\/wp-content\/uploads\/2023\/10\/AntragFOeV2023neu-.pdf\"><span style=\"font-family: arial, helvetica, sans-serif; font-size: 12pt;\">~ Mitgliedsantrag des F\u00f6rdervereins<\/span><\/a><br \/>\n<span style=\"font-family: arial, helvetica, sans-serif;\"><img loading=\"lazy\" decoding=\"async\" class=\"wp-image-456 aligncenter\" src=\"http:\/\/ahorn-schule.de\/wp\/wp-content\/uploads\/2017\/10\/LeisteBlatt7.jpg\" alt=\"\" width=\"669\" height=\"150\" srcset=\"https:\/\/ahorn-schule.de\/wp-content\/uploads\/2017\/10\/LeisteBlatt7.jpg 513w, https:\/\/ahorn-schule.de\/wp-content\/uploads\/2017\/10\/LeisteBlatt7-300x67.jpg 300w, https:\/\/ahorn-schule.de\/wp-content\/uploads\/2017\/10\/LeisteBlatt7-450x101.jpg 450w\" sizes=\"auto, (max-width: 669px) 100vw, 669px\" \/><\/span><\/p>\n<h3><\/h3>\n<h3><span style=\"color: #008080; font-family: arial, helvetica, sans-serif;\"><strong>Spendenkonto: <\/strong><\/span><\/h3>\n<p style=\"text-align: center;\"><span style=\"font-family: arial,helvetica,sans-serif; color: #800080;\"><strong>F\u00f6rderverein der Ahorn-Schule e. V. <\/strong><\/span><\/p>\n<p style=\"text-align: center;\"><span style=\"font-family: arial,helvetica,sans-serif; color: #800080;\">Bankverbindung:\u00a0\u00a0 Berliner Volksbank\u00a0 <\/span><\/p>\n<p style=\"text-align: center;\"><span style=\"font-family: arial,helvetica,sans-serif; color: #800080;\">BLZ:\u00a0\u00a0100900000 Kto-Nr.:\u00a0 3647214001<\/span><\/p>\n<p style=\"text-align: center;\"><span style=\"font-family: arial,helvetica,sans-serif; color: #800080;\">IBAN: DE81100900003647214001\u00a0 BIC: BEV0DEBB<\/span><\/p>\n<p>&nbsp;<\/p>\n<h2 style=\"text-align: center;\"><span style=\"color: #ff0000; font-family: arial, helvetica, sans-serif;\"><strong>DANKE!<\/strong><\/span><\/h2>\n<p style=\"text-align: center;\"><span style=\"font-family: arial, helvetica, sans-serif; font-size: 14pt; color: #008000;\">F\u00fcr die finanzielle und materielle Unterst\u00fctzung m\u00f6chten wir uns im Namen der Sch\u00fcler und Mitarbeiter der Ahorn-Schule bei unseren Spendern und Sponsoren herzlichst bedanken! Wir danken ebenfalls allen Eltern, Freunden und P\u00e4dagogen der Ahorn-Schule f\u00fcr ihr unterst\u00fctzendes und engagiertes Mitwirken am Gelingen in der Ahorn-Schule.<\/span><\/p>\n","protected":false},"excerpt":{"rendered":"<p>Vor vielen Jahren wurde der F\u00f6rderverein \u00a0der Ahorn-Schule e.V. gegr\u00fcndet. Dieser Verein ist ein\u00a0 Zusammenschluss aktiver Eltern, Mitarbeiter und Freunde der Ahorn-Schule. Sie haben sich die Aufgabe gestellt die Ahornschule, ein F\u00f6rderzentrum mit dem F\u00f6rderschwerpunkt \u201eSprache\u201c bei ihren vielen Projekten und Vorhaben zur Verbesserung des Unterrichts, der Sprachtherapie und der Lernumgebung zu unterst\u00fctzen. Die Vereinsmitglieder [&hellip;]<\/p>\n","protected":false},"author":1,"featured_media":0,"parent":0,"menu_order":0,"comment_status":"open","ping_status":"closed","template":"","meta":{"footnotes":""},"class_list":["post-208","page","type-page","status-publish","hentry"],"_links":{"self":[{"href":"https:\/\/ahorn-schule.de\/index.php?rest_route=\/wp\/v2\/pages\/208","targetHints":{"allow":["GET"]}}],"collection":[{"href":"https:\/\/ahorn-schule.de\/index.php?rest_route=\/wp\/v2\/pages"}],"about":[{"href":"https:\/\/ahorn-schule.de\/index.php?rest_route=\/wp\/v2\/types\/page"}],"author":[{"embeddable":true,"href":"https:\/\/ahorn-schule.de\/index.php?rest_route=\/wp\/v2\/users\/1"}],"replies":[{"embeddable":true,"href":"https:\/\/ahorn-schule.de\/index.php?rest_route=%2Fwp%2Fv2%2Fcomments&post=208"}],"version-history":[{"count":30,"href":"https:\/\/ahorn-schule.de\/index.php?rest_route=\/wp\/v2\/pages\/208\/revisions"}],"predecessor-version":[{"id":6364,"href":"https:\/\/ahorn-schule.de\/index.php?rest_route=\/wp\/v2\/pages\/208\/revisions\/6364"}],"wp:attachment":[{"href":"https:\/\/ahorn-schule.de\/index.php?rest_route=%2Fwp%2Fv2%2Fmedia&parent=208"}],"curies":[{"name":"wp","href":"https:\/\/api.w.org\/{rel}","templated":true}]}}