{"id":1555,"date":"2019-04-11T22:52:17","date_gmt":"2019-04-11T20:52:17","guid":{"rendered":"http:\/\/ahorn-schule.de\/?page_id=1555"},"modified":"2025-07-12T14:19:49","modified_gmt":"2025-07-12T12:19:49","slug":"schul-und-qualitaetsentwicklung","status":"publish","type":"page","link":"https:\/\/ahorn-schule.de\/?page_id=1555","title":{"rendered":"Schul- und Qualit\u00e4tsentwicklung"},"content":{"rendered":"<p style=\"text-align: center;\"><span style=\"font-family: arial, helvetica, sans-serif; font-size: 18pt;\"> <img loading=\"lazy\" decoding=\"async\" class=\"alignnone wp-image-214\" src=\"http:\/\/ahorn-schule.de\/wp-content\/uploads\/2017\/10\/ahorn2re.jpg\" alt=\"\" width=\"90\" height=\"85\" srcset=\"https:\/\/ahorn-schule.de\/wp-content\/uploads\/2017\/10\/ahorn2re.jpg 362w, https:\/\/ahorn-schule.de\/wp-content\/uploads\/2017\/10\/ahorn2re-300x283.jpg 300w\" sizes=\"auto, (max-width: 90px) 100vw, 90px\" \/> \u00a0 \u00a0 Schul- und Qualit\u00e4tsentwicklung \u00a0 <img loading=\"lazy\" decoding=\"async\" class=\"alignnone wp-image-212\" src=\"http:\/\/ahorn-schule.de\/wp-content\/uploads\/2017\/10\/ahorn2li.jpg\" alt=\"\" width=\"74\" height=\"70\" srcset=\"https:\/\/ahorn-schule.de\/wp-content\/uploads\/2017\/10\/ahorn2li.jpg 362w, https:\/\/ahorn-schule.de\/wp-content\/uploads\/2017\/10\/ahorn2li-300x283.jpg 300w\" sizes=\"auto, (max-width: 74px) 100vw, 74px\" \/><br \/>\n<\/span><\/p>\n<p>&nbsp;<\/p>\n<p><span style=\"font-size: 12pt; font-family: arial, helvetica, sans-serif;\">Die Schulinspektion eine Einrichtung des Berliner Senats und stattet allen \u00f6ffentlichen Schulen in regelm\u00e4\u00dfigen Abst\u00e4nden\u00a0 einen mehrt\u00e4gigen Besuch ab. Ihre Aufgabe ist es, die Schulen in ihrer Qualit\u00e4tsentwicklung zu unterst\u00fctzen. Sie untersucht, als etablierter Bestandteil der Qualit\u00e4tsentwicklung, die Schule als Gesamtsystem. Weiterhin werden wichtige Impulse f\u00fcr eine nachhaltige Schulentwicklung und R\u00fcckmeldungen zu St\u00e4rken und Entwicklungsbedarf der Schule gegeben.<\/span><\/p>\n<p><span style=\"font-family: arial, helvetica, sans-serif;\">Auf Grundlage des &#8222;Handlungsrahmen Schulqualit\u00e4t&#8220; ermittelt die Inspektion aus der Gesamtsumme einer Reihe von Qualit\u00e4tsmerkmalen die Qualit\u00e4t der Schule. F\u00fcr jedes Merkmal wird dabei keine Schulnote, sondern ein Buchstabe von &#8222;<strong>A<\/strong>&#8220; (trifft sehr h\u00e4ufig zu &#8211; <strong>St\u00e4rke der Schule<\/strong>) bis &#8222;<strong>D<\/strong>&#8220; (trifft selten zu &#8211; <strong>Entwicklungsbedarf<\/strong>) vergeben.<\/span><\/p>\n<p><span style=\"font-family: arial, helvetica, sans-serif;\">Das Team der Schulinspektion greift f\u00fcr die Ermittlung von Schulqualit\u00e4t auf eine Vielzahl von Informationen zur\u00fcck:<\/span><\/p>\n<ul>\n<li><span style=\"font-family: arial, helvetica, sans-serif;\">Sichtung von Schuldokumenten<\/span><\/li>\n<li><span style=\"font-family: arial, helvetica, sans-serif;\">Online-Befragung von Lehrer*innen und Sch\u00fcler*innen<\/span><\/li>\n<li><span style=\"font-family: arial, helvetica, sans-serif;\">aufsuchende Befragungen von nicht-p\u00e4dagogischen Mitarbeiter*innen<\/span><\/li>\n<li><span style=\"font-family: arial, helvetica, sans-serif;\">Interviews mit Lehrer*innen, Sch\u00fcler*innen, Ausbilder*innen, Abteilungsleitungen und Schulleitung<\/span><\/li>\n<li><span style=\"font-family: arial, helvetica, sans-serif;\">Pr\u00e4sentation der Schule durch die Schulleitung (Vortrag und Schulrundgang)<\/span><\/li>\n<li><span style=\"font-family: arial, helvetica, sans-serif;\">Unterrichtsbeobachtungen von ca. 20-Minuten-Sequenzen<\/span><\/li>\n<\/ul>\n<h2><span style=\"font-family: arial, helvetica, sans-serif;\">Schulinspektion 2018<\/span><\/h2>\n<p><span style=\"font-family: arial, helvetica, sans-serif;\">Im Fr\u00fchjahr 2018 wurde an der Ahorn-Schule die Qualit\u00e4t unserer Schule\u00a0 durch die Schulinspektion (davor zuletzt 2013) ermittelt.\u00a0<\/span><span style=\"font-family: arial, helvetica, sans-serif;\">Mit dem erreichten Ergebnis\u00a0 konnten wir sehr zufrieden sein. <\/span><\/p>\n","protected":false},"excerpt":{"rendered":"<p>\u00a0 \u00a0 Schul- und Qualit\u00e4tsentwicklung \u00a0 &nbsp; Die Schulinspektion eine Einrichtung des Berliner Senats und stattet allen \u00f6ffentlichen Schulen in regelm\u00e4\u00dfigen Abst\u00e4nden\u00a0 einen mehrt\u00e4gigen Besuch ab. Ihre Aufgabe ist es, die Schulen in ihrer Qualit\u00e4tsentwicklung zu unterst\u00fctzen. Sie untersucht, als etablierter Bestandteil der Qualit\u00e4tsentwicklung, die Schule als Gesamtsystem. Weiterhin werden wichtige Impulse f\u00fcr eine nachhaltige [&hellip;]<\/p>\n","protected":false},"author":1,"featured_media":0,"parent":0,"menu_order":0,"comment_status":"closed","ping_status":"closed","template":"","meta":{"footnotes":""},"class_list":["post-1555","page","type-page","status-publish","hentry"],"_links":{"self":[{"href":"https:\/\/ahorn-schule.de\/index.php?rest_route=\/wp\/v2\/pages\/1555","targetHints":{"allow":["GET"]}}],"collection":[{"href":"https:\/\/ahorn-schule.de\/index.php?rest_route=\/wp\/v2\/pages"}],"about":[{"href":"https:\/\/ahorn-schule.de\/index.php?rest_route=\/wp\/v2\/types\/page"}],"author":[{"embeddable":true,"href":"https:\/\/ahorn-schule.de\/index.php?rest_route=\/wp\/v2\/users\/1"}],"replies":[{"embeddable":true,"href":"https:\/\/ahorn-schule.de\/index.php?rest_route=%2Fwp%2Fv2%2Fcomments&post=1555"}],"version-history":[{"count":12,"href":"https:\/\/ahorn-schule.de\/index.php?rest_route=\/wp\/v2\/pages\/1555\/revisions"}],"predecessor-version":[{"id":5948,"href":"https:\/\/ahorn-schule.de\/index.php?rest_route=\/wp\/v2\/pages\/1555\/revisions\/5948"}],"wp:attachment":[{"href":"https:\/\/ahorn-schule.de\/index.php?rest_route=%2Fwp%2Fv2%2Fmedia&parent=1555"}],"curies":[{"name":"wp","href":"https:\/\/api.w.org\/{rel}","templated":true}]}}