{"id":1539,"date":"2019-04-11T10:39:01","date_gmt":"2019-04-11T08:39:01","guid":{"rendered":"http:\/\/ahorn-schule.de\/?page_id=1539"},"modified":"2022-11-07T22:53:13","modified_gmt":"2022-11-07T21:53:13","slug":"logisch-mathematisches-lernen","status":"publish","type":"page","link":"https:\/\/ahorn-schule.de\/?page_id=1539","title":{"rendered":"&#8222;logisch-mathematisches Lernen&#8220;"},"content":{"rendered":"<div  class='avia-slideshow av-juc9dtyc-fdeeb0510ae67fbfe16e781869a86899 avia-slideshow-gallery av_slideshow avia-slide-slider  avia-builder-el-0  el_before_av_textblock  avia-builder-el-first  av-slideshow-ui av-control-default av-slideshow-manual av-loop-once av-loop-manual-endless av-default-height-applied avia-slideshow-1' data-slideshow-options=\"{&quot;animation&quot;:&quot;slide&quot;,&quot;autoplay&quot;:false,&quot;loop_autoplay&quot;:&quot;once&quot;,&quot;interval&quot;:5,&quot;loop_manual&quot;:&quot;manual-endless&quot;,&quot;autoplay_stopper&quot;:false,&quot;noNavigation&quot;:false,&quot;bg_slider&quot;:false,&quot;keep_padding&quot;:false,&quot;hoverpause&quot;:false,&quot;show_slide_delay&quot;:0}\"  itemprop=\"image\" itemscope=\"itemscope\" itemtype=\"https:\/\/schema.org\/ImageObject\" ><ul class='avia-slideshow-inner ' style='padding-bottom: 80.9467455621%;'><li  class='avia-slideshow-slide av-juc9dtyc-fdeeb0510ae67fbfe16e781869a86899__0  slide-1 slide-odd'><div data-rel='slideshow-1' class='avia-slide-wrap '   ><img decoding=\"async\" fetchpriority=\"high\" class=\"wp-image-807 avia-img-lazy-loading-not-807\"  src=\"https:\/\/ahorn-schule.de\/wp-content\/uploads\/2018\/05\/lego6-kl-845x684.jpg\" width=\"845\" height=\"684\" title='OLYMPUS DIGITAL CAMERA' alt=''  itemprop=\"thumbnailUrl\" srcset=\"https:\/\/ahorn-schule.de\/wp-content\/uploads\/2018\/05\/lego6-kl-845x684.jpg 845w, https:\/\/ahorn-schule.de\/wp-content\/uploads\/2018\/05\/lego6-kl-495x400.jpg 495w\" sizes=\"(max-width: 845px) 100vw, 845px\" \/><\/div><\/li><li  class='avia-slideshow-slide av-juc9dtyc-fdeeb0510ae67fbfe16e781869a86899__1  slide-2 slide-even'><div data-rel='slideshow-1' class='avia-slide-wrap '   ><img decoding=\"async\" fetchpriority=\"high\" class=\"wp-image-1534 avia-img-lazy-loading-not-1534\"  src=\"https:\/\/ahorn-schule.de\/wp-content\/uploads\/2019\/04\/Mathe19-14-845x684.jpg\" width=\"845\" height=\"684\" title='OLYMPUS DIGITAL CAMERA' alt=''  itemprop=\"thumbnailUrl\" srcset=\"https:\/\/ahorn-schule.de\/wp-content\/uploads\/2019\/04\/Mathe19-14-845x684.jpg 845w, https:\/\/ahorn-schule.de\/wp-content\/uploads\/2019\/04\/Mathe19-14-495x400.jpg 495w\" sizes=\"(max-width: 845px) 100vw, 845px\" \/><\/div><\/li><li  class='avia-slideshow-slide av-juc9dtyc-fdeeb0510ae67fbfe16e781869a86899__2  slide-3 slide-odd'><div data-rel='slideshow-1' class='avia-slide-wrap '   ><img decoding=\"async\" fetchpriority=\"high\" class=\"wp-image-1532 avia-img-lazy-loading-not-1532\"  src=\"https:\/\/ahorn-schule.de\/wp-content\/uploads\/2019\/04\/Mathe19-10cartoon-845x684.jpg\" width=\"845\" height=\"684\" title='OLYMPUS DIGITAL CAMERA' alt=''  itemprop=\"thumbnailUrl\" srcset=\"https:\/\/ahorn-schule.de\/wp-content\/uploads\/2019\/04\/Mathe19-10cartoon-845x684.jpg 845w, https:\/\/ahorn-schule.de\/wp-content\/uploads\/2019\/04\/Mathe19-10cartoon-495x400.jpg 495w\" sizes=\"(max-width: 845px) 100vw, 845px\" \/><\/div><\/li><li  class='avia-slideshow-slide av-juc9dtyc-fdeeb0510ae67fbfe16e781869a86899__3  slide-4 slide-even'><div data-rel='slideshow-1' class='avia-slide-wrap '   ><img decoding=\"async\" fetchpriority=\"high\" class=\"wp-image-1521 avia-img-lazy-loading-not-1521\"  src=\"https:\/\/ahorn-schule.de\/wp-content\/uploads\/2019\/04\/Mathe19-8-845x684.jpg\" width=\"845\" height=\"684\" title='OLYMPUS DIGITAL CAMERA' alt=''  itemprop=\"thumbnailUrl\" srcset=\"https:\/\/ahorn-schule.de\/wp-content\/uploads\/2019\/04\/Mathe19-8-845x684.jpg 845w, https:\/\/ahorn-schule.de\/wp-content\/uploads\/2019\/04\/Mathe19-8-495x400.jpg 495w\" sizes=\"(max-width: 845px) 100vw, 845px\" \/><\/div><\/li><li  class='avia-slideshow-slide av-juc9dtyc-fdeeb0510ae67fbfe16e781869a86899__4  slide-5 slide-odd'><div data-rel='slideshow-1' class='avia-slide-wrap '   ><img decoding=\"async\" fetchpriority=\"high\" class=\"wp-image-808 avia-img-lazy-loading-not-808\"  src=\"https:\/\/ahorn-schule.de\/wp-content\/uploads\/2018\/05\/lego7-kl-845x684.jpg\" width=\"845\" height=\"684\" title='OLYMPUS DIGITAL CAMERA' alt=''  itemprop=\"thumbnailUrl\" srcset=\"https:\/\/ahorn-schule.de\/wp-content\/uploads\/2018\/05\/lego7-kl-845x684.jpg 845w, https:\/\/ahorn-schule.de\/wp-content\/uploads\/2018\/05\/lego7-kl-495x400.jpg 495w\" sizes=\"(max-width: 845px) 100vw, 845px\" \/><\/div><\/li><li  class='avia-slideshow-slide av-juc9dtyc-fdeeb0510ae67fbfe16e781869a86899__5  slide-6 slide-even'><div data-rel='slideshow-1' class='avia-slide-wrap '   ><img decoding=\"async\" fetchpriority=\"high\" class=\"wp-image-1518 avia-img-lazy-loading-not-1518\"  src=\"https:\/\/ahorn-schule.de\/wp-content\/uploads\/2019\/04\/Mathe19-1-845x684.jpg\" width=\"845\" height=\"684\" title='OLYMPUS DIGITAL CAMERA' alt=''  itemprop=\"thumbnailUrl\" srcset=\"https:\/\/ahorn-schule.de\/wp-content\/uploads\/2019\/04\/Mathe19-1-845x684.jpg 845w, https:\/\/ahorn-schule.de\/wp-content\/uploads\/2019\/04\/Mathe19-1-495x400.jpg 495w\" sizes=\"(max-width: 845px) 100vw, 845px\" \/><\/div><\/li><\/ul><div class='avia-slideshow-arrows avia-slideshow-controls' ><a href='#prev' class='prev-slide  avia-svg-icon avia-font-svg_entypo-fontello' data-av_svg_icon='left-open-big' data-av_iconset='svg_entypo-fontello' tabindex='-1' title=\"Zur\u00fcck\"><svg version=\"1.1\" xmlns=\"http:\/\/www.w3.org\/2000\/svg\" width=\"15\" height=\"32\" viewBox=\"0 0 15 32\" preserveAspectRatio=\"xMidYMid meet\" aria-labelledby='av-svg-title-1' aria-describedby='av-svg-desc-1' role=\"graphics-symbol\" aria-hidden=\"true\">\n<title id='av-svg-title-1'>Zur\u00fcck<\/title>\n<desc id='av-svg-desc-1'>Zur\u00fcck<\/desc>\n<path d=\"M14.464 27.84q0.832 0.832 0 1.536-0.832 0.832-1.536 0l-12.544-12.608q-0.768-0.768 0-1.6l12.544-12.608q0.704-0.832 1.536 0 0.832 0.704 0 1.536l-11.456 11.904z\"><\/path>\n<\/svg><span class='avia_hidden_link_text'>Zur\u00fcck<\/span><\/a><a href='#next' class='next-slide  avia-svg-icon avia-font-svg_entypo-fontello' data-av_svg_icon='right-open-big' data-av_iconset='svg_entypo-fontello' tabindex='-1' title=\"Weiter\"><svg version=\"1.1\" xmlns=\"http:\/\/www.w3.org\/2000\/svg\" width=\"15\" height=\"32\" viewBox=\"0 0 15 32\" preserveAspectRatio=\"xMidYMid meet\" aria-labelledby='av-svg-title-2' aria-describedby='av-svg-desc-2' role=\"graphics-symbol\" aria-hidden=\"true\">\n<title id='av-svg-title-2'>Weiter<\/title>\n<desc id='av-svg-desc-2'>Weiter<\/desc>\n<path d=\"M0.416 27.84l11.456-11.84-11.456-11.904q-0.832-0.832 0-1.536 0.832-0.832 1.536 0l12.544 12.608q0.768 0.832 0 1.6l-12.544 12.608q-0.704 0.832-1.536 0-0.832-0.704 0-1.536z\"><\/path>\n<\/svg><span class='avia_hidden_link_text'>Weiter<\/span><\/a><\/div><div class='avia-slideshow-dots avia-slideshow-controls'><a href='#1' class='goto-slide active' >1<\/a><a href='#2' class='goto-slide ' >2<\/a><a href='#3' class='goto-slide ' >3<\/a><a href='#4' class='goto-slide ' >4<\/a><a href='#5' class='goto-slide ' >5<\/a><a href='#6' class='goto-slide ' >6<\/a><\/div><\/div>\n<section  class='av_textblock_section av-juc9cirn-821ea2c0a1686d33d917a079a4548921 '   itemscope=\"itemscope\" itemtype=\"https:\/\/schema.org\/CreativeWork\" ><div class='avia_textblock'  itemprop=\"text\" ><p><span style=\"font-family: arial, helvetica, sans-serif; color: #0000ff; font-size: 14pt;\">Matheprojekte in der Schule<\/span><\/p>\n<p><span style=\"font-family: arial, helvetica, sans-serif;\">Unsere Schule bietet allen Kindern die M\u00f6glichkeit verschiedene Bereiche der Mathematik zu erleben und eigene Zug\u00e4nge zu schaffen. Unterschiedlichste Projekte werden im Unterricht und in der Freizeit durchgef\u00fchrt. So finden regelm\u00e4\u00dfig Matheprojekte in der Ahorn-Schule statt. Auch der Besuch au\u00dferschulischer Lernorte, wie die Durchf\u00fchrung von Workshops bei LEGO, bilden f\u00fcr uns H\u00f6hepunkte im Schulleben.<\/span><\/p>\n<p><span style=\"font-family: arial, helvetica, sans-serif;\">.<\/span><\/p>\n<p><span style=\"font-family: arial, helvetica, sans-serif; color: #0000ff; font-size: 14pt;\">Mathematische Wettbewerbe unserer Schule<\/span><\/p>\n<p><span style=\"font-family: arial, helvetica, sans-serif;\">Regelm\u00e4\u00dfig beteiligen sich die Sch\u00fcler und Sch\u00fclerinnen aller Klassenstufen an unserer Matheolympiade. Sie ist fester Bestandteil unseres Schulprofils.<\/span><\/p>\n<\/div><\/section>\n","protected":false},"excerpt":{"rendered":"","protected":false},"author":1,"featured_media":0,"parent":0,"menu_order":0,"comment_status":"closed","ping_status":"closed","template":"","meta":{"footnotes":""},"class_list":["post-1539","page","type-page","status-publish","hentry"],"_links":{"self":[{"href":"https:\/\/ahorn-schule.de\/index.php?rest_route=\/wp\/v2\/pages\/1539","targetHints":{"allow":["GET"]}}],"collection":[{"href":"https:\/\/ahorn-schule.de\/index.php?rest_route=\/wp\/v2\/pages"}],"about":[{"href":"https:\/\/ahorn-schule.de\/index.php?rest_route=\/wp\/v2\/types\/page"}],"author":[{"embeddable":true,"href":"https:\/\/ahorn-schule.de\/index.php?rest_route=\/wp\/v2\/users\/1"}],"replies":[{"embeddable":true,"href":"https:\/\/ahorn-schule.de\/index.php?rest_route=%2Fwp%2Fv2%2Fcomments&post=1539"}],"version-history":[{"count":6,"href":"https:\/\/ahorn-schule.de\/index.php?rest_route=\/wp\/v2\/pages\/1539\/revisions"}],"predecessor-version":[{"id":1548,"href":"https:\/\/ahorn-schule.de\/index.php?rest_route=\/wp\/v2\/pages\/1539\/revisions\/1548"}],"wp:attachment":[{"href":"https:\/\/ahorn-schule.de\/index.php?rest_route=%2Fwp%2Fv2%2Fmedia&parent=1539"}],"curies":[{"name":"wp","href":"https:\/\/api.w.org\/{rel}","templated":true}]}}