{"id":1421,"date":"2019-03-02T12:18:47","date_gmt":"2019-03-02T11:18:47","guid":{"rendered":"http:\/\/ahorn-schule.de\/?page_id=1421"},"modified":"2022-11-07T22:54:05","modified_gmt":"2022-11-07T21:54:05","slug":"bewegtes-lernen","status":"publish","type":"page","link":"https:\/\/ahorn-schule.de\/?page_id=1421","title":{"rendered":"&#8222;bewegtes Lernen&#8220;"},"content":{"rendered":"<div  class='avia-slideshow av-jsrdbzvc-1780487e7d3a29d44030b3700b4ff13a avia-slideshow-gallery av_slideshow avia-slide-slider  avia-builder-el-0  el_before_av_textblock  avia-builder-el-first  av-slideshow-ui av-control-default av-slideshow-manual av-loop-once av-loop-manual-endless av-default-height-applied avia-slideshow-1' data-slideshow-options=\"{&quot;animation&quot;:&quot;slide&quot;,&quot;autoplay&quot;:false,&quot;loop_autoplay&quot;:&quot;once&quot;,&quot;interval&quot;:5,&quot;loop_manual&quot;:&quot;manual-endless&quot;,&quot;autoplay_stopper&quot;:false,&quot;noNavigation&quot;:false,&quot;bg_slider&quot;:false,&quot;keep_padding&quot;:false,&quot;hoverpause&quot;:false,&quot;show_slide_delay&quot;:0}\"  itemprop=\"image\" itemscope=\"itemscope\" itemtype=\"https:\/\/schema.org\/ImageObject\" ><ul class='avia-slideshow-inner ' style='padding-bottom: 80.9467455621%;'><li  class='avia-slideshow-slide av-jsrdbzvc-1780487e7d3a29d44030b3700b4ff13a__0  slide-1 slide-odd'><div data-rel='slideshow-1' class='avia-slide-wrap '   ><img decoding=\"async\" fetchpriority=\"high\" class=\"wp-image-1433 avia-img-lazy-loading-not-1433\"  src=\"https:\/\/ahorn-schule.de\/wp-content\/uploads\/2019\/03\/Beweg2019-9-845x684.jpg\" width=\"845\" height=\"684\" title='OLYMPUS DIGITAL CAMERA' alt=''  itemprop=\"thumbnailUrl\" srcset=\"https:\/\/ahorn-schule.de\/wp-content\/uploads\/2019\/03\/Beweg2019-9-845x684.jpg 845w, https:\/\/ahorn-schule.de\/wp-content\/uploads\/2019\/03\/Beweg2019-9-495x400.jpg 495w\" sizes=\"(max-width: 845px) 100vw, 845px\" \/><\/div><\/li><li  class='avia-slideshow-slide av-jsrdbzvc-1780487e7d3a29d44030b3700b4ff13a__1  slide-2 slide-even'><div data-rel='slideshow-1' class='avia-slide-wrap '   ><img decoding=\"async\" fetchpriority=\"high\" class=\"wp-image-1426 avia-img-lazy-loading-not-1426\"  src=\"https:\/\/ahorn-schule.de\/wp-content\/uploads\/2019\/03\/Beweg2019-2kl-845x684.jpg\" width=\"845\" height=\"684\" title='OLYMPUS DIGITAL CAMERA' alt=''  itemprop=\"thumbnailUrl\" srcset=\"https:\/\/ahorn-schule.de\/wp-content\/uploads\/2019\/03\/Beweg2019-2kl-845x684.jpg 845w, https:\/\/ahorn-schule.de\/wp-content\/uploads\/2019\/03\/Beweg2019-2kl-495x400.jpg 495w\" sizes=\"(max-width: 845px) 100vw, 845px\" \/><\/div><\/li><li  class='avia-slideshow-slide av-jsrdbzvc-1780487e7d3a29d44030b3700b4ff13a__2  slide-3 slide-odd'><div data-rel='slideshow-1' class='avia-slide-wrap '   ><img decoding=\"async\" fetchpriority=\"high\" class=\"wp-image-1430 avia-img-lazy-loading-not-1430\"  src=\"https:\/\/ahorn-schule.de\/wp-content\/uploads\/2019\/03\/Beweg2019-6-845x684.jpg\" width=\"845\" height=\"684\" title='OLYMPUS DIGITAL CAMERA' alt=''  itemprop=\"thumbnailUrl\" srcset=\"https:\/\/ahorn-schule.de\/wp-content\/uploads\/2019\/03\/Beweg2019-6-845x684.jpg 845w, https:\/\/ahorn-schule.de\/wp-content\/uploads\/2019\/03\/Beweg2019-6-495x400.jpg 495w\" sizes=\"(max-width: 845px) 100vw, 845px\" \/><\/div><\/li><li  class='avia-slideshow-slide av-jsrdbzvc-1780487e7d3a29d44030b3700b4ff13a__3  slide-4 slide-even'><div data-rel='slideshow-1' class='avia-slide-wrap '   ><img decoding=\"async\" fetchpriority=\"high\" class=\"wp-image-1205 avia-img-lazy-loading-not-1205\"  src=\"https:\/\/ahorn-schule.de\/wp-content\/uploads\/2018\/09\/zirkusTrainig9kl-845x684.jpg\" width=\"845\" height=\"684\" title='OLYMPUS DIGITAL CAMERA' alt=''  itemprop=\"thumbnailUrl\" srcset=\"https:\/\/ahorn-schule.de\/wp-content\/uploads\/2018\/09\/zirkusTrainig9kl-845x684.jpg 845w, https:\/\/ahorn-schule.de\/wp-content\/uploads\/2018\/09\/zirkusTrainig9kl-495x400.jpg 495w\" sizes=\"(max-width: 845px) 100vw, 845px\" \/><\/div><\/li><li  class='avia-slideshow-slide av-jsrdbzvc-1780487e7d3a29d44030b3700b4ff13a__4  slide-5 slide-odd'><div data-rel='slideshow-1' class='avia-slide-wrap '   ><img decoding=\"async\" fetchpriority=\"high\" class=\"wp-image-1435 avia-img-lazy-loading-not-1435\"  src=\"https:\/\/ahorn-schule.de\/wp-content\/uploads\/2019\/03\/Beweg2019-11-845x684.jpg\" width=\"845\" height=\"684\" title='OLYMPUS DIGITAL CAMERA' alt=''  itemprop=\"thumbnailUrl\" srcset=\"https:\/\/ahorn-schule.de\/wp-content\/uploads\/2019\/03\/Beweg2019-11-845x684.jpg 845w, https:\/\/ahorn-schule.de\/wp-content\/uploads\/2019\/03\/Beweg2019-11-495x400.jpg 495w\" sizes=\"(max-width: 845px) 100vw, 845px\" \/><\/div><\/li><\/ul><div class='avia-slideshow-arrows avia-slideshow-controls' ><a href='#prev' class='prev-slide  avia-svg-icon avia-font-svg_entypo-fontello' data-av_svg_icon='left-open-big' data-av_iconset='svg_entypo-fontello' tabindex='-1' title=\"Zur\u00fcck\"><svg version=\"1.1\" xmlns=\"http:\/\/www.w3.org\/2000\/svg\" width=\"15\" height=\"32\" viewBox=\"0 0 15 32\" preserveAspectRatio=\"xMidYMid meet\" aria-labelledby='av-svg-title-1' aria-describedby='av-svg-desc-1' role=\"graphics-symbol\" aria-hidden=\"true\">\n<title id='av-svg-title-1'>Zur\u00fcck<\/title>\n<desc id='av-svg-desc-1'>Zur\u00fcck<\/desc>\n<path d=\"M14.464 27.84q0.832 0.832 0 1.536-0.832 0.832-1.536 0l-12.544-12.608q-0.768-0.768 0-1.6l12.544-12.608q0.704-0.832 1.536 0 0.832 0.704 0 1.536l-11.456 11.904z\"><\/path>\n<\/svg><span class='avia_hidden_link_text'>Zur\u00fcck<\/span><\/a><a href='#next' class='next-slide  avia-svg-icon avia-font-svg_entypo-fontello' data-av_svg_icon='right-open-big' data-av_iconset='svg_entypo-fontello' tabindex='-1' title=\"Weiter\"><svg version=\"1.1\" xmlns=\"http:\/\/www.w3.org\/2000\/svg\" width=\"15\" height=\"32\" viewBox=\"0 0 15 32\" preserveAspectRatio=\"xMidYMid meet\" aria-labelledby='av-svg-title-2' aria-describedby='av-svg-desc-2' role=\"graphics-symbol\" aria-hidden=\"true\">\n<title id='av-svg-title-2'>Weiter<\/title>\n<desc id='av-svg-desc-2'>Weiter<\/desc>\n<path d=\"M0.416 27.84l11.456-11.84-11.456-11.904q-0.832-0.832 0-1.536 0.832-0.832 1.536 0l12.544 12.608q0.768 0.832 0 1.6l-12.544 12.608q-0.704 0.832-1.536 0-0.832-0.704 0-1.536z\"><\/path>\n<\/svg><span class='avia_hidden_link_text'>Weiter<\/span><\/a><\/div><div class='avia-slideshow-dots avia-slideshow-controls'><a href='#1' class='goto-slide active' >1<\/a><a href='#2' class='goto-slide ' >2<\/a><a href='#3' class='goto-slide ' >3<\/a><a href='#4' class='goto-slide ' >4<\/a><a href='#5' class='goto-slide ' >5<\/a><\/div><\/div>\n<section  class='av_textblock_section av-jsre6vfj-f946146fb6c1e5d58fd270a4a90995d8 '   itemscope=\"itemscope\" itemtype=\"https:\/\/schema.org\/CreativeWork\" ><div class='avia_textblock'  itemprop=\"text\" ><p><span style=\"font-family: arial, helvetica, sans-serif;\">Seit mehreren Jahren ist es an der Ahorn-Schule Tradition, dass meist im Januar der Bewegungstag durchf\u00fchrt wird. Ziel ist es, den Kindern Unterrichtsinhalte \u00fcber vielf\u00e4ltige Bewegungsm\u00f6glichkeiten nahe zu bringen. Gleichzeitig erweitern die Kollegen und Kolleginnen ihr Know-How f\u00fcr verschiedenste Konzepte im Bereich Lernen und Bewegung. <\/span><\/p>\n<p><span style=\"font-family: arial, helvetica, sans-serif;\">Mit Engagement und in kollegialer Zusammenarbeit wird ein ganzer Tag in seinen Inhalten der Bewegung und Bewegungsf\u00f6rderung gestaltet. Die Vielfalt der Angebote wird durch unser multiprofessionelles Team von Lehrern, Erziehern, Therapeuten, Helfern und durch Kooperation mit unterschiedlichen Einrichtungen erarbeitet und umgesetzt. Das ergibt sich aus dem Zusammenhang unseres p\u00e4dagogischen Konzeptes und des Schwerpunktes unserer Schule, da unsere Sch\u00fcler und Sch\u00fclerin der Klassen1-6 einen umfassenden F\u00f6rderbedarf Sprache und\/oder Autismus aufweisen, der unmittelbar mit der Motorik und motorischen Auff\u00e4lligkeiten verbunden ist.<\/span><\/p>\n<p><span style=\"font-family: arial, helvetica, sans-serif;\">Unterschiedlichste Unterrichtsinhalte werden an diesem Tag mit Bewegung und Sport verkn\u00fcpft, so dass die Erfahrungen und Anregungen weiterhin in den Alltag der Kinder und der Schule integriert werden k\u00f6nnen. Ziel ist es den Sch\u00fclern traditionelle und neue Bewegungsm\u00f6glichkeiten in der Schule vorzustellen und sie zur t\u00e4glichen Bewegung anzuregen.<\/span><\/p>\n<p><span style=\"font-family: arial, helvetica, sans-serif;\">Der Bewegungtag er\u00f6ffnet den Sch\u00fclern und P\u00e4dagogen neue und bekannte M\u00f6glichkeiten des gemeinsamen Lernens, bieten Raum f\u00fcr neue Erfahrungen und Zeit sich dar\u00fcber auszutauschen. <\/span><\/p>\n<p><span style=\"font-family: arial, helvetica, sans-serif;\">F\u00fcr unsere Angebote werden alle M\u00f6glichkeiten der Schule wie Lernen und Bewegung in den Klassenr\u00e4umen, Fluren und auf dem Schulhof genutzt. Die Turnhalle ist u.a. als riesige Bewegungslandschaft\/-baustelle vorgesehen. Zuweilen f\u00fchren wir diesen Tag auch au\u00dferhalb der Schule durch. F\u00fcr den schulischen Alltag bietet unser Bewegungstag immer wieder neue Anregungen, Motivation und Handwerkzeug um zu jeder Zeit Bewegung in die Tagesabl\u00e4ufe zu integrieren.<\/span><\/p>\n<\/div><\/section>\n","protected":false},"excerpt":{"rendered":"","protected":false},"author":1,"featured_media":0,"parent":0,"menu_order":0,"comment_status":"closed","ping_status":"closed","template":"","meta":{"footnotes":""},"class_list":["post-1421","page","type-page","status-publish","hentry"],"_links":{"self":[{"href":"https:\/\/ahorn-schule.de\/index.php?rest_route=\/wp\/v2\/pages\/1421","targetHints":{"allow":["GET"]}}],"collection":[{"href":"https:\/\/ahorn-schule.de\/index.php?rest_route=\/wp\/v2\/pages"}],"about":[{"href":"https:\/\/ahorn-schule.de\/index.php?rest_route=\/wp\/v2\/types\/page"}],"author":[{"embeddable":true,"href":"https:\/\/ahorn-schule.de\/index.php?rest_route=\/wp\/v2\/users\/1"}],"replies":[{"embeddable":true,"href":"https:\/\/ahorn-schule.de\/index.php?rest_route=%2Fwp%2Fv2%2Fcomments&post=1421"}],"version-history":[{"count":16,"href":"https:\/\/ahorn-schule.de\/index.php?rest_route=\/wp\/v2\/pages\/1421\/revisions"}],"predecessor-version":[{"id":1449,"href":"https:\/\/ahorn-schule.de\/index.php?rest_route=\/wp\/v2\/pages\/1421\/revisions\/1449"}],"wp:attachment":[{"href":"https:\/\/ahorn-schule.de\/index.php?rest_route=%2Fwp%2Fv2%2Fmedia&parent=1421"}],"curies":[{"name":"wp","href":"https:\/\/api.w.org\/{rel}","templated":true}]}}