{"id":107,"date":"2017-10-29T15:25:06","date_gmt":"2017-10-29T14:25:06","guid":{"rendered":"http:\/\/ahorn-schule.de\/wp\/?page_id=107"},"modified":"2025-06-08T14:59:23","modified_gmt":"2025-06-08T12:59:23","slug":"impressum","status":"publish","type":"page","link":"https:\/\/ahorn-schule.de\/?page_id=107","title":{"rendered":"Impressum"},"content":{"rendered":"<h3><span style=\"font-family: arial, helvetica, sans-serif;\"><img loading=\"lazy\" decoding=\"async\" class=\"wp-image-214 alignnone\" src=\"http:\/\/ahorn-schule.de\/wp-content\/uploads\/2017\/10\/ahorn2re-80x80.jpg\" alt=\"\" width=\"63\" height=\"63\" srcset=\"https:\/\/ahorn-schule.de\/wp-content\/uploads\/2017\/10\/ahorn2re-80x80.jpg 80w, https:\/\/ahorn-schule.de\/wp-content\/uploads\/2017\/10\/ahorn2re-36x36.jpg 36w, https:\/\/ahorn-schule.de\/wp-content\/uploads\/2017\/10\/ahorn2re-180x180.jpg 180w, https:\/\/ahorn-schule.de\/wp-content\/uploads\/2017\/10\/ahorn2re-120x120.jpg 120w\" sizes=\"auto, (max-width: 63px) 100vw, 63px\" \/>\u00a0\u00a0\u00a0\u00a0 <span style=\"font-size: 14pt;\">Impressum der Ahorn-Schule<\/span><\/span><\/h3>\n<p>&nbsp;<\/p>\n<p><span style=\"font-family: arial, helvetica, sans-serif; font-size: 12pt;\">Ahorn-Schule<\/span><br \/>\n<span style=\"font-family: arial, helvetica, sans-serif; font-size: 12pt;\">F\u00f6rderzentrum \u201eSprache und Autismus&#8220;, Grundschule Klassen 1 &#8211; 6<\/span><br \/>\n<span style=\"font-family: arial, helvetica, sans-serif; font-size: 12pt;\">Peter-Hille-Stra\u00dfe 118<\/span><br \/>\n<span style=\"font-family: arial, helvetica, sans-serif; font-size: 12pt;\">12587 Berlin<\/span><br \/>\n<span style=\"font-family: arial, helvetica, sans-serif; font-size: 12pt;\">Telefon: 030 \/ 6455031<\/span><br \/>\n<span style=\"font-family: arial, helvetica, sans-serif; font-size: 12pt;\">Fax: 030 \/ 6455865<\/span><br \/>\n<span style=\"font-family: arial, helvetica, sans-serif; font-size: 12pt;\">Email:\u00a0 S<span class=\"objectivation_name\">ekretariat@ahorn.schule.berlin.de<\/span><\/span><\/p>\n<p><span style=\"font-family: arial, helvetica, sans-serif; font-size: 12pt;\">Schulleiterin:\u00a0 \u00a0Ada Schulz.<\/span><br \/>\n<span style=\"font-family: arial, helvetica, sans-serif; font-size: 12pt;\">1. Konrektorin: n.N.<\/span><\/p>\n<p>&nbsp;<\/p>\n<p><span style=\"font-family: arial, helvetica, sans-serif;\">Verantwortlich\u00a0im Sinne des \u00a7 55 RStV<\/span><\/p>\n<p><span style=\"font-family: arial, helvetica, sans-serif; font-size: 12pt;\">Gestaltung\/Beitr\u00e4ge: Heike Bumke\u00a0 <\/span><br \/>\n<span style=\"font-family: arial, helvetica, sans-serif; font-size: 12pt;\">Kontakt-Email:\u00a0 \u00a0 \u00a0 \u00a0 \u00a0 \u00a0ahoernchen@gmx.info<\/span><\/p>\n<p>&nbsp;<\/p>\n<p><span style=\"font-family: arial, helvetica, sans-serif;\">Schultr\u00e4ger:\u00a0Land Berlin, vertreten durch das Bezirksamt Treptow-K\u00f6penick, Bezirksstadtrat der Abteilung Weiterbildung, Schule, Kultur und Sport, Schul- und Sportamt \/ Bereich Schule<\/span><\/p>\n<p><span style=\"font-family: arial, helvetica, sans-serif;\">Postanschrift:<\/span><\/p>\n<p><span style=\"font-family: arial, helvetica, sans-serif;\">PF 910240<\/span><br \/>\n<span style=\"font-family: arial, helvetica, sans-serif;\">12414 Berlin<\/span><\/p>\n<p><span style=\"font-family: arial, helvetica, sans-serif;\">Tel.: 030 \/ 90297 &#8211; 0<\/span><br \/>\n<span style=\"font-family: arial, helvetica, sans-serif;\">Fax: 030 \/ 90297 &#8211; 3289<\/span><\/p>\n<p><span style=\"font-family: arial, helvetica, sans-serif;\">schulamt@ba-tk.berlin.de<\/span><\/p>\n<p>&nbsp;<\/p>\n<p><span style=\"font-family: arial, helvetica, sans-serif;\">Kontakt &#8211; Email:\u00a0 \u00a0<a href=\"heike.bumke1@schule.berlin.de\">Datenschutzbeauftragte der Ahorn-Schule<\/a><\/span><\/p>\n<p style=\"font-weight: 400;\"><span style=\"font-family: arial, helvetica, sans-serif;\">Kontakt &#8211; Email:\u00a0 <a href=\"arite.vetter@senbjf.berlin.de\">\u00a0Datenschutzbeauftragte f\u00fcr Berliner Schulen in den Regionen Treptow-K\u00f6penick\/Marzahn-Hellersdorf<\/a><\/span><\/p>\n<p>&nbsp;<\/p>\n<p>&nbsp;<\/p>\n<p><span style=\"font-family: arial, helvetica, sans-serif;\">Haftungsausschluss:<\/span><\/p>\n<p><span style=\"font-family: arial, helvetica, sans-serif;\">Trotz sorgf\u00e4ltiger Pr\u00fcfung unserer Inhalte und der Seiten, die durch uns verlinkt sind, distanzieren wir uns ausdr\u00fccklich von Inhalten der Seiten, die durch uns verlinkt wurden, und machen uns diese nicht zu eigen. Diese Erkl\u00e4rung gilt f\u00fcr alle auf unserer Webseite angebrachten Links und f\u00fcr alle Inhalte der Seiten, zu denen Links oder Banner f\u00fchren. Sollte Ihr Kind auf einer unserer Seiten abgebildet sein, und sollten Sie damit nicht einverstanden sein, bitten wir um sofortige Nachricht. Die Abbildung wird dann sofort entfernt.<\/span><\/p>\n<p>&nbsp;<\/p>\n<p><span style=\"font-family: arial, helvetica, sans-serif;\">Urheberrecht, Haftung in Bezug auf den Internetauftritt der Schule<\/span><\/p>\n<p><span style=\"font-family: arial, helvetica, sans-serif;\">Soweit nicht anders angegeben, liegen alle Rechte bei Ahorn-Schule. Die Verlinkung und die Verbreitung der Inhalte sind m\u00f6glich, soweit nicht Rechte Dritter ber\u00fchrt werden bzw. eine Einzelfallregelung vorliegt. Im Falle der Verlinkung und der Verbreitung muss als Quelle der Name und die Internetadresse der Schule angegeben werden.<\/span><\/p>\n<p><span style=\"font-family: arial, helvetica, sans-serif;\">Das Layout der Homepage, die verwendeten Grafiken sowie die Sammlung der Beitr\u00e4ge sind urheberrechtlich gesch\u00fctzt. Die Seiten d\u00fcrfen nur zum privaten Gebrauch vervielf\u00e4ltigt, \u00c4nderungen nicht vorgenommen und Vervielf\u00e4ltigungsst\u00fccke weder verbreitet noch zur \u00f6ffentlichen Wiedergabe benutzt werden.<\/span><br \/>\n<span style=\"font-family: arial, helvetica, sans-serif;\">Die einzelnen Beitr\u00e4ge sind ebenfalls urheberrechtlich gesch\u00fctzt; weitere Hinweise k\u00f6nnen ggf. dort nachgelesen werden. Alle Informationen auf diesem Server erfolgen ohne Gew\u00e4hr f\u00fcr ihre Richtigkeit. In keinem Fall wird f\u00fcr Sch\u00e4den, die sich aus der Verwendung der abgerufenen Informationen ergeben, eine Haftung \u00fcbernommen.<\/span><\/p>\n<p>&nbsp;<\/p>\n<p><span style=\"font-family: arial, helvetica, sans-serif;\">Datenschutz<\/span><\/p>\n<p><span style=\"font-family: arial, helvetica, sans-serif;\">Unsere Website ist f\u00fcr alle interessierten Besucher bestimmt. Ihre pers\u00f6nlichen Daten werden in \u00dcbereinstimmung mit den Datenschutzbestimmungen der Bundesrepublik Deutschland gespeichert und weiterverwendet. Die ggf. auf den Internetseiten der Schule erhobenen personenbezogenen Daten von Internetnutzern (z.B. im Zusammenhang mit der Kontaktaufnahme) werden nur f\u00fcr den angegebenen Zweck verwendet. Im \u00dcbrigen gelten die einschl\u00e4gigen Vorschriften des Datenschutzes.<\/span><\/p>\n","protected":false},"excerpt":{"rendered":"<p>\u00a0\u00a0\u00a0\u00a0 Impressum der Ahorn-Schule &nbsp; Ahorn-Schule F\u00f6rderzentrum \u201eSprache und Autismus&#8220;, Grundschule Klassen 1 &#8211; 6 Peter-Hille-Stra\u00dfe 118 12587 Berlin Telefon: 030 \/ 6455031 Fax: 030 \/ 6455865 Email:\u00a0 Sekretariat@ahorn.schule.berlin.de Schulleiterin:\u00a0 \u00a0Ada Schulz. 1. Konrektorin: n.N. &nbsp; Verantwortlich\u00a0im Sinne des \u00a7 55 RStV Gestaltung\/Beitr\u00e4ge: Heike Bumke\u00a0 Kontakt-Email:\u00a0 \u00a0 \u00a0 \u00a0 \u00a0 \u00a0ahoernchen@gmx.info &nbsp; Schultr\u00e4ger:\u00a0Land Berlin, vertreten [&hellip;]<\/p>\n","protected":false},"author":1,"featured_media":0,"parent":0,"menu_order":0,"comment_status":"closed","ping_status":"closed","template":"","meta":{"footnotes":""},"class_list":["post-107","page","type-page","status-publish","hentry"],"_links":{"self":[{"href":"https:\/\/ahorn-schule.de\/index.php?rest_route=\/wp\/v2\/pages\/107","targetHints":{"allow":["GET"]}}],"collection":[{"href":"https:\/\/ahorn-schule.de\/index.php?rest_route=\/wp\/v2\/pages"}],"about":[{"href":"https:\/\/ahorn-schule.de\/index.php?rest_route=\/wp\/v2\/types\/page"}],"author":[{"embeddable":true,"href":"https:\/\/ahorn-schule.de\/index.php?rest_route=\/wp\/v2\/users\/1"}],"replies":[{"embeddable":true,"href":"https:\/\/ahorn-schule.de\/index.php?rest_route=%2Fwp%2Fv2%2Fcomments&post=107"}],"version-history":[{"count":27,"href":"https:\/\/ahorn-schule.de\/index.php?rest_route=\/wp\/v2\/pages\/107\/revisions"}],"predecessor-version":[{"id":5876,"href":"https:\/\/ahorn-schule.de\/index.php?rest_route=\/wp\/v2\/pages\/107\/revisions\/5876"}],"wp:attachment":[{"href":"https:\/\/ahorn-schule.de\/index.php?rest_route=%2Fwp%2Fv2%2Fmedia&parent=107"}],"curies":[{"name":"wp","href":"https:\/\/api.w.org\/{rel}","templated":true}]}}